{"id":61857,"date":"2022-05-10T18:35:28","date_gmt":"2022-05-10T22:35:28","guid":{"rendered":"https:\/\/joehillmanplumbers.com\/boca-raton-plumbing-services\/"},"modified":"2026-04-01T13:36:20","modified_gmt":"2026-04-01T17:36:20","slug":"boca-raton-plumbing-services","status":"publish","type":"page","link":"https:\/\/joehillmanplumbers.com\/es\/boca-raton-plumbing-services\/","title":{"rendered":"Servicios de fontaner\u00eda en Boca Rat\u00f3n"},"content":{"rendered":"<div class=\"fusion-fullwidth fullwidth-box fusion-builder-row-1 fusion-flex-container has-pattern-background has-mask-background nonhundred-percent-fullwidth non-hundred-percent-height-scrolling\" style=\"--awb-border-radius-top-left:0px;--awb-border-radius-top-right:0px;--awb-border-radius-bottom-right:0px;--awb-border-radius-bottom-left:0px;--awb-flex-wrap:wrap;\" ><div class=\"fusion-builder-row fusion-row fusion-flex-align-items-flex-start fusion-flex-content-wrap\" style=\"max-width:1248px;margin-left: calc(-4% \/ 2 );margin-right: calc(-4% \/ 2 );\"><div class=\"fusion-layout-column fusion_builder_column fusion-builder-column-0 fusion_builder_column_1_1 1_1 fusion-flex-column\" style=\"--awb-bg-size:cover;--awb-width-large:100%;--awb-margin-top-large:0px;--awb-spacing-right-large:1.92%;--awb-margin-bottom-large:0px;--awb-spacing-left-large:1.92%;--awb-width-medium:100%;--awb-spacing-right-medium:1.92%;--awb-spacing-left-medium:1.92%;--awb-width-small:100%;--awb-spacing-right-small:1.92%;--awb-spacing-left-small:1.92%;\"><div class=\"fusion-column-wrapper fusion-flex-justify-content-flex-start fusion-content-layout-column\"><div class=\"fusion-text fusion-text-1\"><h2>Nos ocuparemos de tus necesidades de fontaner\u00eda en Boca Rat\u00f3n<\/h2>\n<p>Joe Hillman Fontaneros est\u00e1 dispuesto a ayudarte y ofrece los siguientes servicios de fontaner\u00eda en Boca Rat\u00f3n:<\/p>\n<ul>\n<li><a href=\"https:\/\/joehillmanplumbers.com\/boca-raton\/residential-plumbing\/emergency-services\/\">Fontaner\u00eda de emergencia 24\/7<\/a><\/li>\n<li><a href=\"https:\/\/joehillmanplumbers.com\/boca-raton\/commercial-plumbing\/\">Fontaner\u00eda comercial<\/a><\/li>\n<li>Instalaci\u00f3n del calentador de agua<\/li>\n<li><a href=\"https:\/\/joehillmanplumbers.com\/boca-raton\/residential-plumbing\/\">Fontaner\u00eda residencial<\/a><\/li>\n<li>Detecci\u00f3n de fugas<\/li>\n<li>Limpieza de desag\u00fces<\/li>\n<li>Instalaci\u00f3n de grifos<\/li>\n<li>Reparaci\u00f3n de tuber\u00edas de agua<\/li>\n<li>Instalaci\u00f3n de WC<\/li>\n<li>Reparaci\u00f3n de tuber\u00edas de gas<\/li>\n<li>Repintado de toda la casa<\/li>\n<li>Fugas en losas<\/li>\n<li>Reparaci\u00f3n de tuber\u00edas de alcantarillado<\/li>\n<li>Inspecci\u00f3n por v\u00eddeo<\/li>\n<\/ul>\n<p>Tanto si eres propietario de un local comercial como si buscas servicios de fontaner\u00eda para tu casa de Boca Rat\u00f3n, Fontaneros Joe Hillman est\u00e1 especialmente cualificado para ayudarte. Llevamos m\u00e1s de 30 a\u00f1os en el negocio y conocemos los c\u00f3digos de fontaner\u00eda como la palma de nuestra mano. <\/p>\n<h2>Servicios certificados de fontaner\u00eda en Boca Rat\u00f3n<\/h2>\n<p>Como servicio de fontaner\u00eda de Boca Rat\u00f3n con licencia y seguro, Joe Hillman Plumbers ofrece instalaciones de calentadores de agua, reparaciones de tuber\u00edas de agua y mucho m\u00e1s. Tu casa es una importante inversi\u00f3n personal y econ\u00f3mica, por eso quieres asegurarte de que quien realice reparaciones en tu propiedad sabe lo que hace. <\/p>\n<p>Ofrecemos conocimientos de primera mano sobre reparaciones dom\u00e9sticas con prontitud. Adem\u00e1s, te damos un presupuesto exacto antes de ponernos manos a la obra para que puedas elegir cu\u00e1ndo y c\u00f3mo quieres invertir en tu pr\u00f3ximo proyecto de fontaner\u00eda. <\/p>\n<h2>\u00bfPor qu\u00e9 considerar a un profesional de fontaner\u00eda de Boca Rat\u00f3n?<\/h2>\n<p>Aunque estas reparaciones de fontaner\u00eda parecen soluciones r\u00e1pidas, no siempre es as\u00ed. Un simple problema de fontaner\u00eda puede convertirse en una reforma en toda regla en cuesti\u00f3n de minutos si aplicas el m\u00e9todo equivocado a las reparaciones de fontaner\u00eda de tu casa. <\/p>\n<p>No s\u00f3lo eso, sino que sin la experiencia adecuada, un problema de fontaner\u00eda puede convertirse en muchos.<\/p>\n<h3>Conocen los c\u00f3digos de fontaner\u00eda<\/h3>\n<p>Si decides encargarte de tus proyectos de fontaner\u00eda, ten en cuenta que tendr\u00e1s que asegurarte de que tu producto final cumple las normas. El sur de Florida es conocido por tener <a href=\"https:\/\/codes.iccsafe.org\/content\/FLPC2020P1\/chapter-6-water-supply-and-distribution\" target=\"_blank\" rel=\"noopener\">estrictos c\u00f3digos de fontaner\u00eda<\/a>, junto con algunos de los c\u00f3digos de construcci\u00f3n m\u00e1s estrictos del pa\u00eds. <\/p>\n<p>Si se descubre que tu casa o negocio tiene una fontaner\u00eda defectuosa, el ayuntamiento puede expedirte una citaci\u00f3n.<\/p>\n<h3>La seguridad personal es su prioridad<\/h3>\n<p>A menudo, las reparaciones dom\u00e9sticas implican herramientas el\u00e9ctricas y conocimientos especializados sobre m\u00e9todos y aplicaciones de reparaci\u00f3n de fontaner\u00eda. Tambi\u00e9n intervienen diversos materiales no t\u00f3xicos y t\u00f3xicos que un profesional debe manipular adecuadamente. Adem\u00e1s, un fontanero profesional eliminar\u00e1 cualquier riesgo que puedas correr t\u00fa mismo con su experiencia y conocimientos.  <\/p>\n<p>Por ejemplo, la reparaci\u00f3n de una tuber\u00eda de gas podr\u00eda ser mortal si se hace sin la ayuda de un profesional. Reparar una tuber\u00eda de gas requiere un profundo conocimiento de c\u00f3mo encontrar fugas de gas y c\u00f3mo contener una fuga de forma segura sin provocar un incendio o una explosi\u00f3n. <\/p>\n<p>De hecho, si por casualidad encuentras una fuga de gas dentro de tu casa, debes llamar a tu compa\u00f1\u00eda el\u00e9ctrica para que corte el gas de tu casa hasta que encuentres a un fontanero y debes evacuar tu casa inmediatamente.<\/p>\n<h3>Nuestros fontaneros de Boca Rat\u00f3n evitan m\u00e1s da\u00f1os<\/h3>\n<p>Los fontaneros aficionados saben que, lo m\u00e1s probable, es que sus arreglos r\u00e1pidos tengan que rehacerse tarde o temprano. Es tiempo y dinero que podr\u00edas ahorrar contratando a un fontanero profesional desde el principio. Aunque es emocionante probar a hacer algo nuevo, algunos asuntos requieren que los maneje un experto desde el principio.<\/p>\n<p>Nuestro fontanero de Boca Rat\u00f3n sabr\u00e1 exactamente qu\u00e9 hacer una vez haya revisado la zona da\u00f1ada dentro de tu casa o negocio comercial. En lugar de desembolsar una peque\u00f1a fortuna por tu proyecto de fontaner\u00eda, consulta a un profesional que sabr\u00e1 exactamente lo que tendr\u00e1 que hacer y cu\u00e1nto costar\u00e1n los materiales.<\/p>\n<p>Te ahorrar\u00e1 dolores de cabeza en el futuro y cientos, si no miles, de d\u00f3lares en reparaciones.<\/p>\n<h3>Servicios de fontaner\u00eda de emergencia en Boca Rat\u00f3n 24\/7<\/h3>\n<p>Lo m\u00e1s dif\u00edcil de emprender un trabajo de fontaner\u00eda t\u00fa mismo es cuando se trata de una emergencia. Si tienes que arreglar una fuga o una reparaci\u00f3n grave en mitad de la noche, lo m\u00e1s probable es que no est\u00e9s preparado para ello. Incluso si lo est\u00e1s, no hay nada m\u00e1s inc\u00f3modo que tener que levantarte con los ojos desorbitados en mitad de la noche para ir a buscar tu kit de herramientas y averiguar qu\u00e9 est\u00e1 pasando.<\/p>\n<p>En lugar de tener que preocuparte por comprar materiales, comprender los c\u00f3digos de fontaner\u00eda de Boca Rat\u00f3n o limpiar una vez terminado el proyecto, puedes subcontratar el trabajo. Nuestros fontaneros de Boca Rat\u00f3n estar\u00e1n encantados de ayudarte.<\/p>\n<h3>Los profesionales de la fontaner\u00eda con licencia te ayudan a evitar multas<\/h3>\n<p>Trabajar con un profesional de la fontaner\u00eda sin licencia es un riesgo que debes evitar a toda costa. Si el ayuntamiento descubre que una reparaci\u00f3n no se ha hecho conforme a las normas, puedes tener que pagar la factura de una citaci\u00f3n.<\/p>\n<p>No s\u00f3lo eso, sino que es m\u00e1s que probable que tengas que rehacer las reparaciones. En lugar de correr el riesgo de tener que pagar dos veces por una reparaci\u00f3n, considera la posibilidad de contratar a un fontanero profesional en <a href=\"https:\/\/www.myboca.us\/\" target=\"_blank\" rel=\"noopener\">Boca Rat\u00f3n<\/a> para asegurarte de que el trabajo se haga bien a la primera.<\/p>\n<p><img decoding=\"async\" class=\"aligncenter wp-image-60563\" src=\"https:\/\/joehillmanplumbers.com\/wp-content\/uploads\/2025\/10\/AdobeStock_268589854.webp\" alt=\"\" width=\"1100\" height=\"734\" srcset=\"https:\/\/joehillmanplumbers.com\/wp-content\/uploads\/2025\/10\/AdobeStock_268589854-200x133.webp 200w, https:\/\/joehillmanplumbers.com\/wp-content\/uploads\/2025\/10\/AdobeStock_268589854-300x200.webp 300w, https:\/\/joehillmanplumbers.com\/wp-content\/uploads\/2025\/10\/AdobeStock_268589854-400x267.webp 400w, https:\/\/joehillmanplumbers.com\/wp-content\/uploads\/2025\/10\/AdobeStock_268589854-600x400.webp 600w, https:\/\/joehillmanplumbers.com\/wp-content\/uploads\/2025\/10\/AdobeStock_268589854-768x512.webp 768w, https:\/\/joehillmanplumbers.com\/wp-content\/uploads\/2025\/10\/AdobeStock_268589854-800x534.webp 800w, https:\/\/joehillmanplumbers.com\/wp-content\/uploads\/2025\/10\/AdobeStock_268589854-1024x683.webp 1024w, https:\/\/joehillmanplumbers.com\/wp-content\/uploads\/2025\/10\/AdobeStock_268589854-1200x800.webp 1200w, https:\/\/joehillmanplumbers.com\/wp-content\/uploads\/2025\/10\/AdobeStock_268589854-1536x1024.webp 1536w, https:\/\/joehillmanplumbers.com\/wp-content\/uploads\/2025\/10\/AdobeStock_268589854.webp 1600w\" sizes=\"(max-width: 1100px) 100vw, 1100px\" \/><\/p>\n<h2>Financia tu proyecto de fontaner\u00eda con una empresa de financiaci\u00f3n de servicios<\/h2>\n<p>Pagar a un fontanero profesional puede salirte caro r\u00e1pidamente. Afortunadamente, <a href=\"https:\/\/joehillmanplumbers.com\/plumbing-financing-options\/\">ofrecemos financiaci\u00f3n a trav\u00e9s de Service Finance Company<\/a>, una empresa tecnol\u00f3gica que financia pr\u00e9stamos para mejoras en el hogar de hasta 65.000 $. Eso significa que se abre la veda de tu creatividad y de las reparaciones de fontaner\u00eda que quieras hacer en casa.<\/p>\n<p>Financiar tu proyecto a trav\u00e9s de una empresa de financiaci\u00f3n de servicios te pone menos presi\u00f3n financiera para conseguir un dinero que podr\u00edas gastar mejor en otra cosa. Mant\u00e9n tu cartera contenta y tu casa en perfecto estado cuando descubras el plan de pagos perfecto para ti.<\/p>\n<h2>Contacta hoy con un fontanero de Boca Rat\u00f3n<\/h2>\n<p>Al fin y al cabo, lo mejor que puedes hacer cuando tengas un problema de fontaner\u00eda es llamar a un profesional. Como empresa de fontaner\u00eda con licencia, Joe Hillman Plomeros puede ayudarte con todas tus necesidades de servicio de fontaner\u00eda en Boca Rat\u00f3n. Sabemos que es importante mantener la fontaner\u00eda de tu casa en orden y contamos con profesionales con licencia preparados para llevar a cabo cualquier proyecto dom\u00e9stico hasta su finalizaci\u00f3n.<\/p>\n<p>Llama al <a href=\"tel:+19542813339\">(954) 281-3339<\/a> o <a href=\"https:\/\/joehillmanplumbers.com\/es\/contacto\/\">ponte en contacto con nosotros en l\u00ednea<\/a> para empezar hoy mismo las reformas y reparaciones de fontaner\u00eda de tu casa en Boca Rat\u00f3n.<\/p>\n<\/div><\/div><\/div><\/div><\/div>\n","protected":false},"excerpt":{"rendered":"","protected":false},"author":28,"featured_media":61858,"parent":0,"menu_order":0,"comment_status":"closed","ping_status":"closed","template":"","meta":{"footnotes":""},"class_list":["post-61857","page","type-page","status-publish","has-post-thumbnail","hentry"],"_links":{"self":[{"href":"https:\/\/joehillmanplumbers.com\/es\/wp-json\/wp\/v2\/pages\/61857","targetHints":{"allow":["GET"]}}],"collection":[{"href":"https:\/\/joehillmanplumbers.com\/es\/wp-json\/wp\/v2\/pages"}],"about":[{"href":"https:\/\/joehillmanplumbers.com\/es\/wp-json\/wp\/v2\/types\/page"}],"author":[{"embeddable":true,"href":"https:\/\/joehillmanplumbers.com\/es\/wp-json\/wp\/v2\/users\/28"}],"replies":[{"embeddable":true,"href":"https:\/\/joehillmanplumbers.com\/es\/wp-json\/wp\/v2\/comments?post=61857"}],"version-history":[{"count":11,"href":"https:\/\/joehillmanplumbers.com\/es\/wp-json\/wp\/v2\/pages\/61857\/revisions"}],"predecessor-version":[{"id":61888,"href":"https:\/\/joehillmanplumbers.com\/es\/wp-json\/wp\/v2\/pages\/61857\/revisions\/61888"}],"wp:featuredmedia":[{"embeddable":true,"href":"https:\/\/joehillmanplumbers.com\/es\/wp-json\/wp\/v2\/media\/61858"}],"wp:attachment":[{"href":"https:\/\/joehillmanplumbers.com\/es\/wp-json\/wp\/v2\/media?parent=61857"}],"curies":[{"name":"wp","href":"https:\/\/api.w.org\/{rel}","templated":true}]}}