{"id":2659,"date":"2022-03-25T16:29:08","date_gmt":"2022-03-25T16:29:08","guid":{"rendered":"https:\/\/joehillmanplumbers.com\/?page_id=2659"},"modified":"2022-03-25T16:29:08","modified_gmt":"2022-03-25T16:29:08","slug":"fontanero-de-urgencia","status":"publish","type":"page","link":"https:\/\/joehillmanplumbers.com\/es\/servicios\/fontanero-de-urgencia\/","title":{"rendered":"Fontanero de Urgencia"},"content":{"rendered":"<p>\u00bfTiene una emergencia de fontaner\u00eda? <strong>JOE HILLMAN PLUMBERS<\/strong> est\u00e1 a su servicio 24 horas al d\u00eda, 7 d\u00edas a la semana. Servimos a clientes por todo Fort Lauderdale.<\/p>\n<p>Puede llamarnos a cualquier hora durante el d\u00eda o la noche. Su problema de fontaner\u00eda es nuestro cuando nos haya contactado.<\/p>\n<h2>FONTANER\u00cdA DE URGENCIA 24\/7<\/h2>\n<p>Su compa\u00f1\u00eda de fontaner\u00eda local en Fort Lauderdale, <strong>JOE HILLMAN PLUMBERS<\/strong> ofrece servicios de fontaner\u00eda de urgencia las 24 horas del d\u00eda<\/p>\n<p>Con m\u00e1s de 31 a\u00f1os de experiencia, sabemos lo que cuesta reparar un problema de fontaner\u00eda tan r\u00e1pido como sea posible.<\/p>\n<p>Si tiene un grifo con fugas, una fuga bajo el cemento o una tuber\u00eda reventada, puede confiar en nuestro equipo profesional para un acabo de calidad.<\/p>\n<p>Servicio de fontaner\u00eda de urgencia 24\/7<\/p>\n<p><img decoding=\"async\" class=\"aligncenter wp-image-2061 size-full\" src=\"https:\/\/joehillmanplumbers.com\/wp-content\/uploads\/2022\/03\/toilet-installation-in-Davie-FL.jpg\" alt=\"\" width=\"500\" height=\"333\" srcset=\"https:\/\/joehillmanplumbers.com\/wp-content\/uploads\/2022\/03\/toilet-installation-in-Davie-FL-300x200.jpg 300w, https:\/\/joehillmanplumbers.com\/wp-content\/uploads\/2022\/03\/toilet-installation-in-Davie-FL.jpg 500w\" sizes=\"(max-width: 500px) 100vw, 500px\" \/><\/p>\n<h3>AMPLIA GAMA DE SERVICIOS<\/h3>\n<p>Cuando contacte con <strong>JOE HILLMAN PLUMBERS<\/strong>, nuestros t\u00e9cnicos estar\u00e1n en su residencia o negocio tan pronto como sea posible, llevando equipamiento de \u00faltima tecnolog\u00eda para completar el trabajo de la manera m\u00e1s eficiente.<\/p>\n<p>Nuestros fontaneros est\u00e1n totalmente autorizados y cualificados para ofrecer resultados superiores.<\/p>\n<p><strong>\u00a1Ll\u00e1menos hoy mismo!<\/strong><\/p>\n<p>Solucionamos sus problemas de fontaner\u00eda de manera eficiente<\/p>\n<p>&nbsp;<\/p>\n","protected":false},"excerpt":{"rendered":"<p>\u00bfTiene una emergencia de fontaner\u00eda? JOE HILLMAN PLUMBERS est\u00e1 a  [&#8230;]<\/p>\n","protected":false},"author":28,"featured_media":0,"parent":2355,"menu_order":0,"comment_status":"closed","ping_status":"closed","template":"","meta":{"footnotes":""},"class_list":["post-2659","page","type-page","status-publish","hentry"],"_links":{"self":[{"href":"https:\/\/joehillmanplumbers.com\/es\/wp-json\/wp\/v2\/pages\/2659","targetHints":{"allow":["GET"]}}],"collection":[{"href":"https:\/\/joehillmanplumbers.com\/es\/wp-json\/wp\/v2\/pages"}],"about":[{"href":"https:\/\/joehillmanplumbers.com\/es\/wp-json\/wp\/v2\/types\/page"}],"author":[{"embeddable":true,"href":"https:\/\/joehillmanplumbers.com\/es\/wp-json\/wp\/v2\/users\/28"}],"replies":[{"embeddable":true,"href":"https:\/\/joehillmanplumbers.com\/es\/wp-json\/wp\/v2\/comments?post=2659"}],"version-history":[{"count":2,"href":"https:\/\/joehillmanplumbers.com\/es\/wp-json\/wp\/v2\/pages\/2659\/revisions"}],"predecessor-version":[{"id":2661,"href":"https:\/\/joehillmanplumbers.com\/es\/wp-json\/wp\/v2\/pages\/2659\/revisions\/2661"}],"up":[{"embeddable":true,"href":"https:\/\/joehillmanplumbers.com\/es\/wp-json\/wp\/v2\/pages\/2355"}],"wp:attachment":[{"href":"https:\/\/joehillmanplumbers.com\/es\/wp-json\/wp\/v2\/media?parent=2659"}],"curies":[{"name":"wp","href":"https:\/\/api.w.org\/{rel}","templated":true}]}}