{"id":2652,"date":"2022-03-25T16:17:59","date_gmt":"2022-03-25T16:17:59","guid":{"rendered":"https:\/\/joehillmanplumbers.com\/?page_id=2652"},"modified":"2022-03-25T16:17:59","modified_gmt":"2022-03-25T16:17:59","slug":"nueva-instalacion-en-toda-la-casa","status":"publish","type":"page","link":"https:\/\/joehillmanplumbers.com\/es\/servicios\/nueva-instalacion-en-toda-la-casa\/","title":{"rendered":"Nueva Instalaci\u00f3n en Toda la Casa"},"content":{"rendered":"<p><strong>JOE HILLMAN PLUMBERS<\/strong> se especializa en la nueva instalaci\u00f3n en toda la casa.<\/p>\n<p>Ll\u00e1menos para servicios profesionales en Fort Lauderdale.<\/p>\n<h2>SOLUCIONES PARA UNA NUEVA INSTALACI\u00d3N EN CASA<\/h2>\n<p>Los signos comunes que su casa necesita una nueva instalaci\u00f3n incluyen:<\/p>\n<ul>\n<li>Baja presi\u00f3n de agua<\/li>\n<li>Decoloraci\u00f3n del agua<\/li>\n<li>Cuentas altas de agua<\/li>\n<li>Ruidos procedentes de las tuber\u00edas<\/li>\n<\/ul>\n<p>Si experimenta problemas recurrentes como fugas o estallido de tuber\u00edas, o si cree que sus viejas tuber\u00edas pueden comprometer la calidad de su suministro de agua, comun\u00edquese con <strong>JOE HILLMAN PLUMBERS<\/strong>. Ofrecemos soluciones para una nueva instalaci\u00f3n aprobadas por la industria para toda su casa.<\/p>\n<p>No deje que las tuber\u00edas estropeadas o fugas comprometan la calidad de su suministro de agua<\/p>\n<p><img decoding=\"async\" class=\"aligncenter size-full wp-image-2655\" src=\"https:\/\/joehillmanplumbers.com\/wp-content\/uploads\/2022\/03\/repipe2-800x533-1.jpg\" alt=\"\" width=\"800\" height=\"533\" srcset=\"https:\/\/joehillmanplumbers.com\/wp-content\/uploads\/2022\/03\/repipe2-800x533-1-300x200.jpg 300w, https:\/\/joehillmanplumbers.com\/wp-content\/uploads\/2022\/03\/repipe2-800x533-1-768x512.jpg 768w, https:\/\/joehillmanplumbers.com\/wp-content\/uploads\/2022\/03\/repipe2-800x533-1.jpg 800w\" sizes=\"(max-width: 800px) 100vw, 800px\" \/><\/p>\n<h3>FONTANEROS CERTIFICADOS<\/h3>\n<p>El sistema de tuber\u00edas en su hogar es fundamental, ya que afecta a todos los principales aparatos de fontaner\u00eda.<\/p>\n<p>En <strong>JOE HILLMAN PLUMBERS<\/strong>, nuestros t\u00e9cnicos est\u00e1n altamente capacitados para determinar si su tuber\u00eda dom\u00e9stica requiere reemplazo o reparaciones. Podemos trabajar con materiales de cobre, CPVC y Pex.<\/p>\n<p>Nuestros fontaneros est\u00e1n totalmente autorizados, asegurados y garantizados, por lo que puede estar seguro de que est\u00e1 recibiendo el mejor servicio posible.<\/p>\n<p>Vamos a restaurar el flujo de agua a su casa en muy poco tiempo<\/p>\n","protected":false},"excerpt":{"rendered":"<p>JOE HILLMAN PLUMBERS se especializa en la nueva instalaci\u00f3n en  [&#8230;]<\/p>\n","protected":false},"author":28,"featured_media":0,"parent":2355,"menu_order":0,"comment_status":"closed","ping_status":"closed","template":"","meta":{"footnotes":""},"class_list":["post-2652","page","type-page","status-publish","hentry"],"_links":{"self":[{"href":"https:\/\/joehillmanplumbers.com\/es\/wp-json\/wp\/v2\/pages\/2652","targetHints":{"allow":["GET"]}}],"collection":[{"href":"https:\/\/joehillmanplumbers.com\/es\/wp-json\/wp\/v2\/pages"}],"about":[{"href":"https:\/\/joehillmanplumbers.com\/es\/wp-json\/wp\/v2\/types\/page"}],"author":[{"embeddable":true,"href":"https:\/\/joehillmanplumbers.com\/es\/wp-json\/wp\/v2\/users\/28"}],"replies":[{"embeddable":true,"href":"https:\/\/joehillmanplumbers.com\/es\/wp-json\/wp\/v2\/comments?post=2652"}],"version-history":[{"count":2,"href":"https:\/\/joehillmanplumbers.com\/es\/wp-json\/wp\/v2\/pages\/2652\/revisions"}],"predecessor-version":[{"id":2658,"href":"https:\/\/joehillmanplumbers.com\/es\/wp-json\/wp\/v2\/pages\/2652\/revisions\/2658"}],"up":[{"embeddable":true,"href":"https:\/\/joehillmanplumbers.com\/es\/wp-json\/wp\/v2\/pages\/2355"}],"wp:attachment":[{"href":"https:\/\/joehillmanplumbers.com\/es\/wp-json\/wp\/v2\/media?parent=2652"}],"curies":[{"name":"wp","href":"https:\/\/api.w.org\/{rel}","templated":true}]}}