{"id":2645,"date":"2022-03-25T15:45:12","date_gmt":"2022-03-25T15:45:12","guid":{"rendered":"https:\/\/joehillmanplumbers.com\/?page_id=2645"},"modified":"2022-03-25T15:45:12","modified_gmt":"2022-03-25T15:45:12","slug":"fugas-bajo-el-suelo","status":"publish","type":"page","link":"https:\/\/joehillmanplumbers.com\/es\/servicios\/fugas-bajo-el-suelo\/","title":{"rendered":"Fugas Bajo el Suelo"},"content":{"rendered":"<p>En cuanto a detecci\u00f3n y reparaci\u00f3n de fugas bajo el suelo se refiere, puede confiar en nuestros expertos fontaneros en <strong>JOE HILLMAN PLUMBERS<\/strong> para ofrecer un nivel de profesionalidad sin rival.<\/p>\n<p>Trabajamos para clientes por todo Fort Lauderdale. Ll\u00e1menos para m\u00e1s detalles.<\/p>\n<h2>DETECCI\u00d3N DE FUGAS BAJO EL SUELO<\/h2>\n<p>Las fugas bajo el suelo son muy frecuentes en Florida porque muchos hogares est\u00e1n construidos sobre losas de hormig\u00f3n. Costosas facturas del agua, inodoros haciendo ruidos e inexplicables charcos del agua en su hogar o propiedad son muestras de una fuga de agua.<\/p>\n<p>Si nota alguno de los signos de arriba, contacte con <strong>JOE HILLMAN PLUMBERS<\/strong> hoy mismo. Estamos equipados con la \u00faltima tecnolog\u00eda y videoc\u00e1maras para detectar el origen de la fuga.<\/p>\n<p>Somos capaces de localizar con precisi\u00f3n fugas incluso bajo el suelo o detr\u00e1s de paredes.<\/p>\n<p>Conozca m\u00e1s acerca de nuestros servicios.<\/p>\n<p>Podemos determinar el origen de cualquier fuga<\/p>\n<p><img decoding=\"async\" class=\"aligncenter size-full wp-image-2648\" src=\"https:\/\/joehillmanplumbers.com\/wp-content\/uploads\/2022\/03\/slableak2-800x533-1.jpg\" alt=\"\" width=\"800\" height=\"533\" srcset=\"https:\/\/joehillmanplumbers.com\/wp-content\/uploads\/2022\/03\/slableak2-800x533-1-300x200.jpg 300w, https:\/\/joehillmanplumbers.com\/wp-content\/uploads\/2022\/03\/slableak2-800x533-1-768x512.jpg 768w, https:\/\/joehillmanplumbers.com\/wp-content\/uploads\/2022\/03\/slableak2-800x533-1.jpg 800w\" sizes=\"(max-width: 800px) 100vw, 800px\" \/><\/p>\n<h3>REPARACIONES DE FUGAS DE BAJO EL SUELO<\/h3>\n<p>Las fugas bajo el suelo se encuentran entre las fugas m\u00e1s graves y potencialmente peligrosas en su casa porque tienden a permanecer sin ser detectadas durante un largo per\u00edodo de tiempo antes de que se encuentren realmente.<\/p>\n<p>Como expertos en detecci\u00f3n de fugas, <strong>JOE HILLMAN PLUMBERS<\/strong> es capaz de proporcionar soluciones de reparaci\u00f3n r\u00e1pidas y eficaces. Ofrecemos un horario conveniente y flexible, incluyendo noches y fines de semana para que pueda solicitar la fecha que m\u00e1s le convenga.<\/p>\n<p>Estaremos encantados de responder a sus preguntas!<\/p>\n<p>Un horario conveniente y flexible<\/p>\n<p>&nbsp;<\/p>\n","protected":false},"excerpt":{"rendered":"<p>En cuanto a detecci\u00f3n y reparaci\u00f3n de fugas bajo el  [&#8230;]<\/p>\n","protected":false},"author":28,"featured_media":0,"parent":2355,"menu_order":0,"comment_status":"closed","ping_status":"closed","template":"","meta":{"footnotes":""},"class_list":["post-2645","page","type-page","status-publish","hentry"],"_links":{"self":[{"href":"https:\/\/joehillmanplumbers.com\/es\/wp-json\/wp\/v2\/pages\/2645","targetHints":{"allow":["GET"]}}],"collection":[{"href":"https:\/\/joehillmanplumbers.com\/es\/wp-json\/wp\/v2\/pages"}],"about":[{"href":"https:\/\/joehillmanplumbers.com\/es\/wp-json\/wp\/v2\/types\/page"}],"author":[{"embeddable":true,"href":"https:\/\/joehillmanplumbers.com\/es\/wp-json\/wp\/v2\/users\/28"}],"replies":[{"embeddable":true,"href":"https:\/\/joehillmanplumbers.com\/es\/wp-json\/wp\/v2\/comments?post=2645"}],"version-history":[{"count":2,"href":"https:\/\/joehillmanplumbers.com\/es\/wp-json\/wp\/v2\/pages\/2645\/revisions"}],"predecessor-version":[{"id":2651,"href":"https:\/\/joehillmanplumbers.com\/es\/wp-json\/wp\/v2\/pages\/2645\/revisions\/2651"}],"up":[{"embeddable":true,"href":"https:\/\/joehillmanplumbers.com\/es\/wp-json\/wp\/v2\/pages\/2355"}],"wp:attachment":[{"href":"https:\/\/joehillmanplumbers.com\/es\/wp-json\/wp\/v2\/media?parent=2645"}],"curies":[{"name":"wp","href":"https:\/\/api.w.org\/{rel}","templated":true}]}}