{"id":2639,"date":"2022-03-25T15:40:13","date_gmt":"2022-03-25T15:40:13","guid":{"rendered":"https:\/\/joehillmanplumbers.com\/?page_id=2639"},"modified":"2022-03-25T15:41:43","modified_gmt":"2022-03-25T15:41:43","slug":"reparacion-de-conductos-de-gas","status":"publish","type":"page","link":"https:\/\/joehillmanplumbers.com\/es\/servicios\/reparacion-de-conductos-de-gas\/","title":{"rendered":"Reparacion De Conductos De Gas"},"content":{"rendered":"<p>\u00bfTiene un grifo con fugas o un calentador de agua averiados? Contacte con <strong>JOE HILLMAN PLUMBERS<\/strong>.<\/p>\n<p>Nuestros fontaneros cualificados tienen la soluci\u00f3n para sus problemas de fontaner\u00eda. Trabajamos para clientes comerciales y residenciales por todo Fort Lauderdale, Hollywood y Miramar.<\/p>\n<h2>EFICAZ REPARACI\u00d3N DE CONDUCTOS DE GAS<\/h2>\n<p>A menudo damos nuestros sistemas de calefacci\u00f3n de agua por dados hasta que tenemos que soportar una ducha fr\u00eda en una helada ma\u00f1ana de invierno debido a una aver\u00eda. Si su calentador de agua de gas ha dejado de funcionar, comun\u00edquese con el equipo de <strong>JOE HILLMAN PLUMBERS<\/strong>.<\/p>\n<p>Con m\u00e1s de 31 a\u00f1os de experiencia, reparamos sus accesorios de fontaner\u00eda con los m\u00e1s altos est\u00e1ndares.<\/p>\n<p>Cuando elija <strong>JOE HILLMAN PLUMBERS<\/strong>, nunca m\u00e1s tendr\u00e1 que temblar de fr\u00edo bajo la ducha.<\/p>\n<p>M\u00e1s de 31 a\u00f1os de experiencia<\/p>\n<p><img decoding=\"async\" class=\"aligncenter wp-image-2067 size-full\" src=\"https:\/\/joehillmanplumbers.com\/wp-content\/uploads\/2022\/03\/gas-line-repairs-in-Davie-FL.jpg\" alt=\"\" width=\"500\" height=\"333\" srcset=\"https:\/\/joehillmanplumbers.com\/wp-content\/uploads\/2022\/03\/gas-line-repairs-in-Davie-FL-300x200.jpg 300w, https:\/\/joehillmanplumbers.com\/wp-content\/uploads\/2022\/03\/gas-line-repairs-in-Davie-FL.jpg 500w\" sizes=\"(max-width: 500px) 100vw, 500px\" \/><\/p>\n<h3>CUENTE CON NUESTRA EXPERIENCIA<\/h3>\n<p><strong>JOE HILLMAN PLUMBERS<\/strong> localiza y repara la mayor\u00eda de las fugas de gas residencial. Tambi\u00e9n podemos instalar nuevas l\u00edneas para cualquier equipo de instalaci\u00f3n.<\/p>\n<p>No deje que una fuga de gas le ponga a usted y a su familia en riesgo. Llame a nuestro equipo de profesionales. Nos comprometemos a darle una protecci\u00f3n \u00f3ptima.<\/p>\n<p>Le mantenemos a usted y a su familia seguros<\/p>\n","protected":false},"excerpt":{"rendered":"<p>\u00bfTiene un grifo con fugas o un calentador de agua  [&#8230;]<\/p>\n","protected":false},"author":28,"featured_media":0,"parent":2355,"menu_order":0,"comment_status":"closed","ping_status":"closed","template":"","meta":{"footnotes":""},"class_list":["post-2639","page","type-page","status-publish","hentry"],"_links":{"self":[{"href":"https:\/\/joehillmanplumbers.com\/es\/wp-json\/wp\/v2\/pages\/2639","targetHints":{"allow":["GET"]}}],"collection":[{"href":"https:\/\/joehillmanplumbers.com\/es\/wp-json\/wp\/v2\/pages"}],"about":[{"href":"https:\/\/joehillmanplumbers.com\/es\/wp-json\/wp\/v2\/types\/page"}],"author":[{"embeddable":true,"href":"https:\/\/joehillmanplumbers.com\/es\/wp-json\/wp\/v2\/users\/28"}],"replies":[{"embeddable":true,"href":"https:\/\/joehillmanplumbers.com\/es\/wp-json\/wp\/v2\/comments?post=2639"}],"version-history":[{"count":3,"href":"https:\/\/joehillmanplumbers.com\/es\/wp-json\/wp\/v2\/pages\/2639\/revisions"}],"predecessor-version":[{"id":2644,"href":"https:\/\/joehillmanplumbers.com\/es\/wp-json\/wp\/v2\/pages\/2639\/revisions\/2644"}],"up":[{"embeddable":true,"href":"https:\/\/joehillmanplumbers.com\/es\/wp-json\/wp\/v2\/pages\/2355"}],"wp:attachment":[{"href":"https:\/\/joehillmanplumbers.com\/es\/wp-json\/wp\/v2\/media?parent=2639"}],"curies":[{"name":"wp","href":"https:\/\/api.w.org\/{rel}","templated":true}]}}