{"id":2632,"date":"2022-03-25T15:36:31","date_gmt":"2022-03-25T15:36:31","guid":{"rendered":"https:\/\/joehillmanplumbers.com\/?page_id=2632"},"modified":"2022-03-25T15:36:31","modified_gmt":"2022-03-25T15:36:31","slug":"instalacion-de-bano","status":"publish","type":"page","link":"https:\/\/joehillmanplumbers.com\/es\/servicios\/instalacion-de-bano\/","title":{"rendered":"Instalaci\u00f3n de Ba\u00f1o"},"content":{"rendered":"<p>Cuente con <strong>JOE HILLMAN PLUMBERS<\/strong> para la instalaci\u00f3n de ba\u00f1os en Fort Lauderdale.<\/p>\n<p>Cont\u00e1ctenos para discutir su proyecto residencial o comercial. Proporcionamos soluciones personalizadas.<\/p>\n<h2>LA IMPORTANCIA DE UNA ADECUADA INSTALACI\u00d3N DE BA\u00d1O<\/h2>\n<p>El ba\u00f1o es uno de los accesorios m\u00e1s importantes en su oficina o casa. Si se instala de manera incorrecta puede acabar cost\u00e1ndole mucho en el futuro.<\/p>\n<p>Si reemplaza su viejo ba\u00f1o o simplemente quiere instalar uno nuevo, puede confiar en el equipo de <strong>JOE HILLMAN PLUMBERS<\/strong> para encargarse del trabajo de principio a fin.<\/p>\n<p>Todos nuestros trabajos vienen con una s\u00f3lida garant\u00eda. Ll\u00e1menos hoy mismo para saber c\u00f3mo podemos ayudarle con sus necesidades de instalaci\u00f3n.<\/p>\n<p>Evite reparaciones y gastos innecesarios gracias a nuestros servicios de instalaci\u00f3n de ba\u00f1o de alta calidad<\/p>\n<p><img decoding=\"async\" class=\"alignnone size-medium wp-image-2633\" src=\"https:\/\/joehillmanplumbers.com\/wp-content\/uploads\/2022\/03\/toilet-installation2-800x533-1-300x200.jpg\" alt=\"\" width=\"300\" height=\"200\" srcset=\"https:\/\/joehillmanplumbers.com\/wp-content\/uploads\/2022\/03\/toilet-installation2-800x533-1-300x200.jpg 300w, https:\/\/joehillmanplumbers.com\/wp-content\/uploads\/2022\/03\/toilet-installation2-800x533-1-768x512.jpg 768w, https:\/\/joehillmanplumbers.com\/wp-content\/uploads\/2022\/03\/toilet-installation2-800x533-1.jpg 800w\" sizes=\"(max-width: 300px) 100vw, 300px\" \/><\/p>\n<h3>T\u00c9CNICOS CAPACITADOS<\/h3>\n<p>En <strong>JOE HILLMAN PLUMBERS<\/strong>, nos enorgullece proporcionar los servicios de fontaner\u00eda de mayor calidad. Si necesita una instalaci\u00f3n de fontaner\u00eda, reparaciones o detecci\u00f3n de fugas, nuestro equipo de profesionales le garantizar\u00e1 resultados excepcionales.<\/p>\n<p>Somos puntuales y cumplimos el proyecto con precisi\u00f3n. Cont\u00e1ctenos para m\u00e1s detalles. Esperamos trabajar con usted en Fort Lauderdale.<\/p>\n<p>Contrate a nuestros dedicados t\u00e9cnicos para su proyecto de fontaner\u00eda<\/p>\n<p>&nbsp;<\/p>\n","protected":false},"excerpt":{"rendered":"<p>Cuente con JOE HILLMAN PLUMBERS para la instalaci\u00f3n de ba\u00f1os  [&#8230;]<\/p>\n","protected":false},"author":28,"featured_media":0,"parent":2355,"menu_order":0,"comment_status":"closed","ping_status":"closed","template":"","meta":{"footnotes":""},"class_list":["post-2632","page","type-page","status-publish","hentry"],"_links":{"self":[{"href":"https:\/\/joehillmanplumbers.com\/es\/wp-json\/wp\/v2\/pages\/2632","targetHints":{"allow":["GET"]}}],"collection":[{"href":"https:\/\/joehillmanplumbers.com\/es\/wp-json\/wp\/v2\/pages"}],"about":[{"href":"https:\/\/joehillmanplumbers.com\/es\/wp-json\/wp\/v2\/types\/page"}],"author":[{"embeddable":true,"href":"https:\/\/joehillmanplumbers.com\/es\/wp-json\/wp\/v2\/users\/28"}],"replies":[{"embeddable":true,"href":"https:\/\/joehillmanplumbers.com\/es\/wp-json\/wp\/v2\/comments?post=2632"}],"version-history":[{"count":2,"href":"https:\/\/joehillmanplumbers.com\/es\/wp-json\/wp\/v2\/pages\/2632\/revisions"}],"predecessor-version":[{"id":2638,"href":"https:\/\/joehillmanplumbers.com\/es\/wp-json\/wp\/v2\/pages\/2632\/revisions\/2638"}],"up":[{"embeddable":true,"href":"https:\/\/joehillmanplumbers.com\/es\/wp-json\/wp\/v2\/pages\/2355"}],"wp:attachment":[{"href":"https:\/\/joehillmanplumbers.com\/es\/wp-json\/wp\/v2\/media?parent=2632"}],"curies":[{"name":"wp","href":"https:\/\/api.w.org\/{rel}","templated":true}]}}