{"id":2629,"date":"2022-03-25T15:23:45","date_gmt":"2022-03-25T15:23:45","guid":{"rendered":"https:\/\/joehillmanplumbers.com\/?page_id=2629"},"modified":"2022-03-25T15:25:23","modified_gmt":"2022-03-25T15:25:23","slug":"instalacion-de-grifos","status":"publish","type":"page","link":"https:\/\/joehillmanplumbers.com\/es\/servicios\/instalacion-de-grifos\/","title":{"rendered":"Instalaci\u00f3n de Grifos"},"content":{"rendered":"<p>Trabajamos en la regi\u00f3n de Fort Lauderdale durante m\u00e1s de 31 a\u00f1os, <strong>JOE HILLMAN PLUMBERS<\/strong> ofrece servicios de instalaci\u00f3n de grifos de alta calidad.<\/p>\n<p>No dude en contactarnos para m\u00e1s informaci\u00f3n. Estaremos encantados de ayudarle.<\/p>\n<h2>INSTALACI\u00d3N DE FONTANER\u00cdA<\/h2>\n<p><strong>JOE HILLMAN PLUMBERS<\/strong> es una compa\u00f1\u00eda de fontaner\u00eda integral que se especializa en instalaciones de fontaner\u00eda incluyendo grifos, sistemas de calentadores de agua y ba\u00f1os.<\/p>\n<p>Nuestros fontaneros con experiencia y conocimientos est\u00e1n listos para instalar cualquier aplicaci\u00f3n de fontaner\u00eda en su cocina o ba\u00f1o.<\/p>\n<p>Somos reconocidos por completar todos y cada uno de los proyectos cumpliendo los m\u00e1s altos est\u00e1ndares de calidad.<\/p>\n<p>Servicios de instalaci\u00f3n de grifos, calentadores de agua y ba\u00f1os<\/p>\n<p><img decoding=\"async\" class=\"aligncenter wp-image-2066 size-full\" src=\"https:\/\/joehillmanplumbers.com\/wp-content\/uploads\/2022\/03\/faucet-installation-in-Davie-FL.jpg\" alt=\"\" width=\"500\" height=\"333\" srcset=\"https:\/\/joehillmanplumbers.com\/wp-content\/uploads\/2022\/03\/faucet-installation-in-Davie-FL-300x200.jpg 300w, https:\/\/joehillmanplumbers.com\/wp-content\/uploads\/2022\/03\/faucet-installation-in-Davie-FL.jpg 500w\" sizes=\"(max-width: 500px) 100vw, 500px\" \/><\/p>\n<h3>ELIJA AL CONTRATISTA ADECUADO<\/h3>\n<p>Instalar un grifo por usted mismo puede resultar una tarea complicada y abrumadora. En <strong>JOE HILLMAN PLUMBERS<\/strong>, nos comprometemos a hacer todo el proceso tan \u00e1gil y libre de trabas como sea posible.<\/p>\n<p>Nos dedicamos a proporcionar un servicio de primera clase con los mejores precios.<\/p>\n<p>Su satisfacci\u00f3n es nuestra prioridad.<\/p>\n<p>Benef\u00edciese de nuestro servicio de primera clase<\/p>\n<p>&nbsp;<\/p>\n","protected":false},"excerpt":{"rendered":"<p>Trabajamos en la regi\u00f3n de Fort Lauderdale durante m\u00e1s de  [&#8230;]<\/p>\n","protected":false},"author":28,"featured_media":0,"parent":2355,"menu_order":0,"comment_status":"closed","ping_status":"closed","template":"","meta":{"footnotes":""},"class_list":["post-2629","page","type-page","status-publish","hentry"],"_links":{"self":[{"href":"https:\/\/joehillmanplumbers.com\/es\/wp-json\/wp\/v2\/pages\/2629","targetHints":{"allow":["GET"]}}],"collection":[{"href":"https:\/\/joehillmanplumbers.com\/es\/wp-json\/wp\/v2\/pages"}],"about":[{"href":"https:\/\/joehillmanplumbers.com\/es\/wp-json\/wp\/v2\/types\/page"}],"author":[{"embeddable":true,"href":"https:\/\/joehillmanplumbers.com\/es\/wp-json\/wp\/v2\/users\/28"}],"replies":[{"embeddable":true,"href":"https:\/\/joehillmanplumbers.com\/es\/wp-json\/wp\/v2\/comments?post=2629"}],"version-history":[{"count":2,"href":"https:\/\/joehillmanplumbers.com\/es\/wp-json\/wp\/v2\/pages\/2629\/revisions"}],"predecessor-version":[{"id":2631,"href":"https:\/\/joehillmanplumbers.com\/es\/wp-json\/wp\/v2\/pages\/2629\/revisions\/2631"}],"up":[{"embeddable":true,"href":"https:\/\/joehillmanplumbers.com\/es\/wp-json\/wp\/v2\/pages\/2355"}],"wp:attachment":[{"href":"https:\/\/joehillmanplumbers.com\/es\/wp-json\/wp\/v2\/media?parent=2629"}],"curies":[{"name":"wp","href":"https:\/\/api.w.org\/{rel}","templated":true}]}}