{"id":2626,"date":"2022-03-25T00:56:54","date_gmt":"2022-03-25T00:56:54","guid":{"rendered":"https:\/\/joehillmanplumbers.com\/?page_id=2626"},"modified":"2022-03-25T00:56:54","modified_gmt":"2022-03-25T00:56:54","slug":"reparacion-de-red-de-tuberias","status":"publish","type":"page","link":"https:\/\/joehillmanplumbers.com\/es\/servicios\/reparacion-de-red-de-tuberias\/","title":{"rendered":"Reparaci\u00f3n de Red de Tuber\u00edas"},"content":{"rendered":"<p>Para todas sus necesidades de reparaci\u00f3n de red de tuber\u00edas en Fort Lauderdale, p\u00f3ngase en contacto con <strong>JOE HILLMAN PLUMBERS<\/strong>.<\/p>\n<p>Cont\u00e1ctenos para solicitar un presupuesto.<\/p>\n<h2>REPARACI\u00d3N DE RED DE TUBER\u00cdAS DE CALIDAD<\/h2>\n<p>Las tuber\u00edas son responsables de proveer agua limpia potable. Si nota de repente una bajada en la presi\u00f3n de agua, una decoloraci\u00f3n del agua o una zona frecuentemente h\u00fameda en su patio, probablemente tenga un problema en su red de tuber\u00edas.<\/p>\n<p><img decoding=\"async\" class=\"aligncenter wp-image-2044 size-large\" src=\"https:\/\/joehillmanplumbers.com\/wp-content\/uploads\/2020\/12\/emergency-1024x683.jpg\" alt=\"\" width=\"1024\" height=\"683\" srcset=\"https:\/\/joehillmanplumbers.com\/wp-content\/uploads\/2020\/12\/emergency-300x200.jpg 300w, https:\/\/joehillmanplumbers.com\/wp-content\/uploads\/2020\/12\/emergency-768x512.jpg 768w, https:\/\/joehillmanplumbers.com\/wp-content\/uploads\/2020\/12\/emergency-1024x683.jpg 1024w, https:\/\/joehillmanplumbers.com\/wp-content\/uploads\/2020\/12\/emergency-1536x1024.jpg 1536w\" sizes=\"(max-width: 1024px) 100vw, 1024px\" \/><\/p>\n<p>Para <strong>JOE HILLMAN PLUMBER<\/strong>, ning\u00fan trabajo es demasiado grande ni demasiado peque\u00f1o. Llevaremos a cabo una inspecci\u00f3n y resolveremos el problema tan pronto como sea posible.<\/p>\n<p>Estamos a su disposici\u00f3n 24 horas al d\u00eda, los 7 d\u00edas de la semana<\/p>\n<p>Estamos disponibles 24 horas al d\u00eda, los 7 d\u00edas de la semana<\/p>\n<h3>SERVICIO SIN RIVAL<\/h3>\n<p>En <strong>JOE HILLMAN PLUMBERS<\/strong>, trabajamos cuidadosamente para reducir al m\u00ednimo la interrupci\u00f3n de sus actividades diarias y tener el menor impacto en su propiedad.<\/p>\n<p>Nuestras inspecciones por video nos permiten localizar el origen exacto de cualquier problema antes de proporcionarle soluciones de reparaci\u00f3n rentables.<\/p>\n<p>Limpiamos todo tras nuestro trabajo, dejando el negocio o el hogar del mismo modo que lo encontramos.<\/p>\n<p>Nos esforzamos por tener el trabajo bien hecho y a tiempo<\/p>\n<p>&nbsp;<\/p>\n","protected":false},"excerpt":{"rendered":"<p>Para todas sus necesidades de reparaci\u00f3n de red de tuber\u00edas  [&#8230;]<\/p>\n","protected":false},"author":28,"featured_media":0,"parent":2355,"menu_order":0,"comment_status":"closed","ping_status":"closed","template":"","meta":{"footnotes":""},"class_list":["post-2626","page","type-page","status-publish","hentry"],"_links":{"self":[{"href":"https:\/\/joehillmanplumbers.com\/es\/wp-json\/wp\/v2\/pages\/2626","targetHints":{"allow":["GET"]}}],"collection":[{"href":"https:\/\/joehillmanplumbers.com\/es\/wp-json\/wp\/v2\/pages"}],"about":[{"href":"https:\/\/joehillmanplumbers.com\/es\/wp-json\/wp\/v2\/types\/page"}],"author":[{"embeddable":true,"href":"https:\/\/joehillmanplumbers.com\/es\/wp-json\/wp\/v2\/users\/28"}],"replies":[{"embeddable":true,"href":"https:\/\/joehillmanplumbers.com\/es\/wp-json\/wp\/v2\/comments?post=2626"}],"version-history":[{"count":2,"href":"https:\/\/joehillmanplumbers.com\/es\/wp-json\/wp\/v2\/pages\/2626\/revisions"}],"predecessor-version":[{"id":2628,"href":"https:\/\/joehillmanplumbers.com\/es\/wp-json\/wp\/v2\/pages\/2626\/revisions\/2628"}],"up":[{"embeddable":true,"href":"https:\/\/joehillmanplumbers.com\/es\/wp-json\/wp\/v2\/pages\/2355"}],"wp:attachment":[{"href":"https:\/\/joehillmanplumbers.com\/es\/wp-json\/wp\/v2\/media?parent=2626"}],"curies":[{"name":"wp","href":"https:\/\/api.w.org\/{rel}","templated":true}]}}