{"id":2621,"date":"2022-03-25T00:53:46","date_gmt":"2022-03-25T00:53:46","guid":{"rendered":"https:\/\/joehillmanplumbers.com\/?page_id=2621"},"modified":"2026-04-01T15:13:18","modified_gmt":"2026-04-01T19:13:18","slug":"reparacion-de-alcantarillas","status":"publish","type":"page","link":"https:\/\/joehillmanplumbers.com\/es\/servicios\/reparacion-de-alcantarillas\/","title":{"rendered":"Reparaci\u00f3n de Alcantarillas"},"content":{"rendered":"<div class=\"fusion-fullwidth fullwidth-box fusion-builder-row-1 fusion-flex-container nonhundred-percent-fullwidth non-hundred-percent-height-scrolling\" style=\"--awb-border-radius-top-left:0px;--awb-border-radius-top-right:0px;--awb-border-radius-bottom-right:0px;--awb-border-radius-bottom-left:0px;--awb-flex-wrap:wrap;\" ><div class=\"fusion-builder-row fusion-row fusion-flex-align-items-flex-start fusion-flex-content-wrap\" style=\"max-width:1248px;margin-left: calc(-4% \/ 2 );margin-right: calc(-4% \/ 2 );\"><div class=\"fusion-layout-column fusion_builder_column fusion-builder-column-0 fusion_builder_column_1_1 1_1 fusion-flex-column\" style=\"--awb-bg-size:cover;--awb-width-large:100%;--awb-margin-top-large:0px;--awb-spacing-right-large:1.92%;--awb-margin-bottom-large:0px;--awb-spacing-left-large:1.92%;--awb-width-medium:100%;--awb-spacing-right-medium:1.92%;--awb-spacing-left-medium:1.92%;--awb-width-small:100%;--awb-spacing-right-small:1.92%;--awb-spacing-left-small:1.92%;\"><div class=\"fusion-column-wrapper fusion-flex-justify-content-flex-start fusion-content-layout-column\"><div class=\"fusion-text fusion-text-1\"><p><strong>JOE HILLMAN PLUMBERS<\/strong> ofrece un servicio de reparaci\u00f3n de alcantarillas sin igual para clientes residenciales y comerciales por todo Fort Lauderdale.<\/p>\n<p>Ll\u00e1menos para solicitar un presupuesto. Estaremos encantados de ayudarle<\/p>\n<h2>SOLUCIONES DE REPARACI\u00d3N DE ALCANTARILLAS<\/h2>\n<p>En <strong>JOE HILLMAN PLUMBERS<\/strong>, sabemos que los problemas en las alcantarillas pueden da\u00f1ar seriamente su negocio o su hogar.<\/p>\n<p><img decoding=\"async\" class=\"aligncenter wp-image-2109 size-full\" src=\"https:\/\/joehillmanplumbers.com\/wp-content\/uploads\/2022\/03\/sewer-line-repairs-in-Davie-FL.jpg\" alt=\"sewer line repairs in Davie Florida\" width=\"500\" height=\"333\" srcset=\"https:\/\/joehillmanplumbers.com\/wp-content\/uploads\/2022\/03\/sewer-line-repairs-in-Davie-FL-300x200.jpg 300w, https:\/\/joehillmanplumbers.com\/wp-content\/uploads\/2022\/03\/sewer-line-repairs-in-Davie-FL.jpg 500w\" sizes=\"(max-width: 500px) 100vw, 500px\" \/><\/p>\n<p>Nuestros fontaneros, altamente formados, est\u00e1n disponibles para diagnosticar y reparar las aver\u00edas en sus alcantarillas. Gracias a nuestro equipo de alta gama y a m\u00e1s de 31 a\u00f1os de experiencia, le podemos ayudar a desatascar cualquier l\u00ednea de alcantarillas.<\/p>\n<p>Le garantizamos una satisfacci\u00f3n total!<\/p>\n<p><strong>Nos especializamos en la reparaci\u00f3n de alcantarillas<\/strong><\/p>\n<h3>FONTANEROS EN LOS QUE PUEDE CONFIAR<\/h3>\n<p>El equipo de <strong>JOE HILLMAN PLUMBERS<\/strong> est\u00e1 totalmente autorizado a reparar alcantarillas y tuber\u00edas de desag\u00fces por todo Fort Lauderdale. Ya est\u00e9n hechas de PVC, hierro fundido o cer\u00e1mica, tenemos las herramientas y la experiencia para restaurar estos sistemas y devolverles su estado original.<\/p>\n<p>Todo nuestro trabajo est\u00e1 cubierto por una s\u00f3lida garant\u00eda.<\/p>\n<p>Navegue por nuestro sitio web para obtener m\u00e1s adicional.<\/p>\n<p><strong>Todo nuestro trabajo est\u00e1 garantizado<\/strong><\/p>\n<\/div><\/div><\/div><\/div><\/div>\n","protected":false},"excerpt":{"rendered":"","protected":false},"author":28,"featured_media":2622,"parent":2355,"menu_order":0,"comment_status":"closed","ping_status":"closed","template":"","meta":{"footnotes":""},"class_list":["post-2621","page","type-page","status-publish","has-post-thumbnail","hentry"],"_links":{"self":[{"href":"https:\/\/joehillmanplumbers.com\/es\/wp-json\/wp\/v2\/pages\/2621","targetHints":{"allow":["GET"]}}],"collection":[{"href":"https:\/\/joehillmanplumbers.com\/es\/wp-json\/wp\/v2\/pages"}],"about":[{"href":"https:\/\/joehillmanplumbers.com\/es\/wp-json\/wp\/v2\/types\/page"}],"author":[{"embeddable":true,"href":"https:\/\/joehillmanplumbers.com\/es\/wp-json\/wp\/v2\/users\/28"}],"replies":[{"embeddable":true,"href":"https:\/\/joehillmanplumbers.com\/es\/wp-json\/wp\/v2\/comments?post=2621"}],"version-history":[{"count":4,"href":"https:\/\/joehillmanplumbers.com\/es\/wp-json\/wp\/v2\/pages\/2621\/revisions"}],"predecessor-version":[{"id":61920,"href":"https:\/\/joehillmanplumbers.com\/es\/wp-json\/wp\/v2\/pages\/2621\/revisions\/61920"}],"up":[{"embeddable":true,"href":"https:\/\/joehillmanplumbers.com\/es\/wp-json\/wp\/v2\/pages\/2355"}],"wp:featuredmedia":[{"embeddable":true,"href":"https:\/\/joehillmanplumbers.com\/es\/wp-json\/wp\/v2\/media\/2622"}],"wp:attachment":[{"href":"https:\/\/joehillmanplumbers.com\/es\/wp-json\/wp\/v2\/media?parent=2621"}],"curies":[{"name":"wp","href":"https:\/\/api.w.org\/{rel}","templated":true}]}}