{"id":2618,"date":"2022-03-25T00:40:04","date_gmt":"2022-03-25T00:40:04","guid":{"rendered":"https:\/\/joehillmanplumbers.com\/?page_id=2618"},"modified":"2022-03-25T00:40:04","modified_gmt":"2022-03-25T00:40:04","slug":"inspeccion-de-video","status":"publish","type":"page","link":"https:\/\/joehillmanplumbers.com\/es\/servicios\/inspeccion-de-video\/","title":{"rendered":"Inspecci\u00f3n de Video"},"content":{"rendered":"<p>Usando las inspecciones por v\u00eddeo de <strong>CCTV<\/strong> de alta calidad, el equipo de <strong>JOE HILLMAN PLUMBERS<\/strong> detecta fugas en sus drenajes y l\u00edneas de alcantarilla.<\/p>\n<p>Estamos orgullosos de ofrecer un acabado excepcional a los clientes en Fort Lauderdale.<\/p>\n<h2>LIMPIEZA DE DESAG\u00dcES Y DE ALCANTARILLADO<\/h2>\n<p><strong>JOE HILLMAN PLUMBERS<\/strong> es un negocio acreditado que ofrece excelentes servicios de limpieza de desag\u00fces y de alcantarillado a clientes residenciales y comerciales.<\/p>\n<p>Limpieza de desag\u00fces y de alcantarillado.<\/p>\n<p>Tenemos c\u00e1maras de \u00faltima generaci\u00f3n para desag\u00fces y para alcantarillas para proporcionar soluciones garantizadas para sus problemas de l\u00edneas de alcantarillado.<\/p>\n<p>Tenga la seguridad de que detectaremos y limpiaremos con eficacia cualquier desag\u00fce y tuber\u00eda obstruidos.<\/p>\n<p><strong>Respondemos por nuestro trabajo<\/strong><\/p>\n<p>&nbsp;<\/p>\n<h3>SERVICIOS DE DESAG\u00dcES ATASCADOS<\/h3>\n<p>Si necesita una limpieza de drenaje o reparaciones en la red de tuber\u00edas, <strong>JOE HILLMAN PLUMBERS<\/strong> puede ofrecer un servicio excepcional a un precio razonable.<\/p>\n<p>Nuestras inspecciones por v\u00eddeo revelar\u00e1n la causa de cualquier problema de alcantarillado y drenaje, identificando la profundidad y ubicaci\u00f3n exacta del bloqueo.<\/p>\n<p>Nos aseguramos de que sus desag\u00fces queden en perfectas condiciones para prevenir futuras acumulaciones de contaminantes.<\/p>\n<p><strong>Servicio excepcional con precios asequibles<\/strong><\/p>\n<p>&nbsp;<\/p>\n","protected":false},"excerpt":{"rendered":"<p>Usando las inspecciones por v\u00eddeo de CCTV de alta calidad,  [&#8230;]<\/p>\n","protected":false},"author":28,"featured_media":0,"parent":2355,"menu_order":0,"comment_status":"closed","ping_status":"closed","template":"","meta":{"footnotes":""},"class_list":["post-2618","page","type-page","status-publish","hentry"],"_links":{"self":[{"href":"https:\/\/joehillmanplumbers.com\/es\/wp-json\/wp\/v2\/pages\/2618","targetHints":{"allow":["GET"]}}],"collection":[{"href":"https:\/\/joehillmanplumbers.com\/es\/wp-json\/wp\/v2\/pages"}],"about":[{"href":"https:\/\/joehillmanplumbers.com\/es\/wp-json\/wp\/v2\/types\/page"}],"author":[{"embeddable":true,"href":"https:\/\/joehillmanplumbers.com\/es\/wp-json\/wp\/v2\/users\/28"}],"replies":[{"embeddable":true,"href":"https:\/\/joehillmanplumbers.com\/es\/wp-json\/wp\/v2\/comments?post=2618"}],"version-history":[{"count":2,"href":"https:\/\/joehillmanplumbers.com\/es\/wp-json\/wp\/v2\/pages\/2618\/revisions"}],"predecessor-version":[{"id":2620,"href":"https:\/\/joehillmanplumbers.com\/es\/wp-json\/wp\/v2\/pages\/2618\/revisions\/2620"}],"up":[{"embeddable":true,"href":"https:\/\/joehillmanplumbers.com\/es\/wp-json\/wp\/v2\/pages\/2355"}],"wp:attachment":[{"href":"https:\/\/joehillmanplumbers.com\/es\/wp-json\/wp\/v2\/media?parent=2618"}],"curies":[{"name":"wp","href":"https:\/\/api.w.org\/{rel}","templated":true}]}}