{"id":2615,"date":"2022-03-25T00:35:40","date_gmt":"2022-03-25T00:35:40","guid":{"rendered":"https:\/\/joehillmanplumbers.com\/?page_id=2615"},"modified":"2022-03-25T00:36:07","modified_gmt":"2022-03-25T00:36:07","slug":"limpieza-de-drenajes","status":"publish","type":"page","link":"https:\/\/joehillmanplumbers.com\/es\/servicios\/limpieza-de-drenajes\/","title":{"rendered":"Limpieza de Drenajes"},"content":{"rendered":"<p>Si necesita una limpieza experta de drenaje, no busque m\u00e1s all\u00e1 de <strong>JOE HILLMAN PLUMBERS<\/strong>.<\/p>\n<p>Estamos orgullosos de trabajar con clientes por todo Fort Lauderdale.<\/p>\n<h2>LA IMPORTANCIA DE LA LIMPIEZA PROFESIONAL DE DRENAJE<\/h2>\n<p>Si sufre alg\u00fan problema con los desag\u00fces en su casa u oficina, se recomienda contratar ayuda profesional. Mientras que la mayor parte de su sistema de drenaje est\u00e1 oculto de la vista, hay evidentes se\u00f1ales de advertencia de que la limpieza de expertos puede ser necesaria.<\/p>\n<p>Cuando los contaminantes se acumulan en los desag\u00fces, la evacuaci\u00f3n de aguas residuales es imposible.<\/p>\n<p>Un contratista de fontaner\u00eda cualificado con el equipamiento y las habilidades necesarias para desatascar cualquier bloqueo.<\/p>\n<p>Elija a <strong>JOE HILLMAN PLUMBERS<\/strong>. Somos un contratista de fontaner\u00eda integral especializado en la limpieza de drenajes.<\/p>\n<p>Un equipo de especialistas en limpieza de drenajes a su servicio<\/p>\n<p><img decoding=\"async\" class=\"aligncenter wp-image-2065 size-full\" src=\"https:\/\/joehillmanplumbers.com\/wp-content\/uploads\/2022\/03\/drain-cleaning-services-in-Davie-FL.jpg\" alt=\"\" width=\"500\" height=\"333\" srcset=\"https:\/\/joehillmanplumbers.com\/wp-content\/uploads\/2022\/03\/drain-cleaning-services-in-Davie-FL-300x200.jpg 300w, https:\/\/joehillmanplumbers.com\/wp-content\/uploads\/2022\/03\/drain-cleaning-services-in-Davie-FL.jpg 500w\" sizes=\"(max-width: 500px) 100vw, 500px\" \/><\/p>\n<h3>DESATASCAMOS SUS DESAG\u00dcES BLOQUEADOS<\/h3>\n<p><strong>JOE HILLMAN PLUMBERS<\/strong> son los maestros limpiando sus obstrucciones. Trabajamos con las m\u00e1s recientes m\u00e1quinas de limpieza de alcantarillado y de chorros de alta presi\u00f3n.<\/p>\n<p>Encontramos el origen de sus drenajes bloqueados con vanguardistas c\u00e1maras CCTV para desag\u00fces y luego arreglamos el atasco siguiendo los m\u00e1s altos est\u00e1ndares.<\/p>\n<p>Puede confiar en nosotros para ofrecer resultados superiores con precios competitivos.<\/p>\n<p>&nbsp;<\/p>\n","protected":false},"excerpt":{"rendered":"<p>Si necesita una limpieza experta de drenaje, no busque m\u00e1s  [&#8230;]<\/p>\n","protected":false},"author":28,"featured_media":0,"parent":2355,"menu_order":0,"comment_status":"closed","ping_status":"closed","template":"","meta":{"footnotes":""},"class_list":["post-2615","page","type-page","status-publish","hentry"],"_links":{"self":[{"href":"https:\/\/joehillmanplumbers.com\/es\/wp-json\/wp\/v2\/pages\/2615","targetHints":{"allow":["GET"]}}],"collection":[{"href":"https:\/\/joehillmanplumbers.com\/es\/wp-json\/wp\/v2\/pages"}],"about":[{"href":"https:\/\/joehillmanplumbers.com\/es\/wp-json\/wp\/v2\/types\/page"}],"author":[{"embeddable":true,"href":"https:\/\/joehillmanplumbers.com\/es\/wp-json\/wp\/v2\/users\/28"}],"replies":[{"embeddable":true,"href":"https:\/\/joehillmanplumbers.com\/es\/wp-json\/wp\/v2\/comments?post=2615"}],"version-history":[{"count":2,"href":"https:\/\/joehillmanplumbers.com\/es\/wp-json\/wp\/v2\/pages\/2615\/revisions"}],"predecessor-version":[{"id":2617,"href":"https:\/\/joehillmanplumbers.com\/es\/wp-json\/wp\/v2\/pages\/2615\/revisions\/2617"}],"up":[{"embeddable":true,"href":"https:\/\/joehillmanplumbers.com\/es\/wp-json\/wp\/v2\/pages\/2355"}],"wp:attachment":[{"href":"https:\/\/joehillmanplumbers.com\/es\/wp-json\/wp\/v2\/media?parent=2615"}],"curies":[{"name":"wp","href":"https:\/\/api.w.org\/{rel}","templated":true}]}}