{"id":2610,"date":"2022-03-25T00:24:50","date_gmt":"2022-03-25T00:24:50","guid":{"rendered":"https:\/\/joehillmanplumbers.com\/?page_id=2610"},"modified":"2022-03-25T00:24:50","modified_gmt":"2022-03-25T00:24:50","slug":"deteccion-de-fugas","status":"publish","type":"page","link":"https:\/\/joehillmanplumbers.com\/es\/servicios\/deteccion-de-fugas\/","title":{"rendered":"Detecci\u00f3n de Fugas"},"content":{"rendered":"<p><strong>JOE HILLMAN PLUMBERS<\/strong> es un contratista de servicios integrales de fontaner\u00eda especializado en detecci\u00f3n de fugas.<\/p>\n<p>Trabajamos tanto para clientes comerciales como residenciales en Fort Lauderdale, Hollywood y Miramar.<\/p>\n<h2>\u00bfPOR QU\u00c9 CONTRATAR A NUESTRO EQUIPO DE DETECCI\u00d3N DE FUGAS?<\/h2>\n<p>La detecci\u00f3n de fugas es un servicio altamente especializado que requiere la experiencia y las habilidades de fontaneros cualificados. Consiste en localizar las fugas de agua en el sistema de fontaner\u00eda, normalmente dentro de paredes y tuber\u00edas de alcantarillado.<\/p>\n<p><img decoding=\"async\" class=\"aligncenter wp-image-2045 size-large\" src=\"https:\/\/joehillmanplumbers.com\/wp-content\/uploads\/2020\/12\/Kitchen2-1024x682.jpg\" alt=\"\" width=\"1024\" height=\"682\" srcset=\"https:\/\/joehillmanplumbers.com\/wp-content\/uploads\/2020\/12\/Kitchen2-300x200.jpg 300w, https:\/\/joehillmanplumbers.com\/wp-content\/uploads\/2020\/12\/Kitchen2-768x512.jpg 768w, https:\/\/joehillmanplumbers.com\/wp-content\/uploads\/2020\/12\/Kitchen2-1024x682.jpg 1024w, https:\/\/joehillmanplumbers.com\/wp-content\/uploads\/2020\/12\/Kitchen2-1536x1024.jpg 1536w\" sizes=\"(max-width: 1024px) 100vw, 1024px\" \/><\/p>\n<p><strong>JOE HILLMAN PLUMBERS<\/strong> est\u00e1 equipado con la experiencia y las herramientas necesarias para detectar fugas de manera r\u00e1pida y eficaz.<\/p>\n<p>Cont\u00e1ctenos para m\u00e1s detalles.<\/p>\n<p>Estamos equipados con la experiencia y las herramientas necesarias para detectar fugas de manera r\u00e1pida y eficaz<\/p>\n<h3>NUESTRO PROCESO<\/h3>\n<p>Utilizando tecnolog\u00eda de vanguardia y c\u00e1maras CCTV de \u00faltima generaci\u00f3n, <strong>JOE HILLMAN PLUMBERS<\/strong> es capaz de detectar fugas, diagnosticar las causas espec\u00edficas y determinar la ubicaci\u00f3n exacta de los drenajes bloqueados.<\/p>\n<p>Una vez que hayamos terminado con el proceso de detecci\u00f3n de fugas, ofrecemos soluciones adecuadas que se adaptan a sus necesidades y presupuesto.<\/p>\n<p>No importa lo que est\u00e1 causando los bloqueos y paradas, \u00a1nosotros nos encargamos!<\/p>\n<p>Detectamos fugas y ofrecemos soluciones adecua<\/p>\n<p>&nbsp;<\/p>\n","protected":false},"excerpt":{"rendered":"<p>JOE HILLMAN PLUMBERS es un contratista de servicios integrales de  [&#8230;]<\/p>\n","protected":false},"author":28,"featured_media":0,"parent":2355,"menu_order":0,"comment_status":"closed","ping_status":"closed","template":"","meta":{"footnotes":""},"class_list":["post-2610","page","type-page","status-publish","hentry"],"_links":{"self":[{"href":"https:\/\/joehillmanplumbers.com\/es\/wp-json\/wp\/v2\/pages\/2610","targetHints":{"allow":["GET"]}}],"collection":[{"href":"https:\/\/joehillmanplumbers.com\/es\/wp-json\/wp\/v2\/pages"}],"about":[{"href":"https:\/\/joehillmanplumbers.com\/es\/wp-json\/wp\/v2\/types\/page"}],"author":[{"embeddable":true,"href":"https:\/\/joehillmanplumbers.com\/es\/wp-json\/wp\/v2\/users\/28"}],"replies":[{"embeddable":true,"href":"https:\/\/joehillmanplumbers.com\/es\/wp-json\/wp\/v2\/comments?post=2610"}],"version-history":[{"count":2,"href":"https:\/\/joehillmanplumbers.com\/es\/wp-json\/wp\/v2\/pages\/2610\/revisions"}],"predecessor-version":[{"id":2612,"href":"https:\/\/joehillmanplumbers.com\/es\/wp-json\/wp\/v2\/pages\/2610\/revisions\/2612"}],"up":[{"embeddable":true,"href":"https:\/\/joehillmanplumbers.com\/es\/wp-json\/wp\/v2\/pages\/2355"}],"wp:attachment":[{"href":"https:\/\/joehillmanplumbers.com\/es\/wp-json\/wp\/v2\/media?parent=2610"}],"curies":[{"name":"wp","href":"https:\/\/api.w.org\/{rel}","templated":true}]}}