{"id":2607,"date":"2022-03-25T00:20:22","date_gmt":"2022-03-25T00:20:22","guid":{"rendered":"https:\/\/joehillmanplumbers.com\/?page_id=2607"},"modified":"2022-03-25T00:26:20","modified_gmt":"2022-03-25T00:26:20","slug":"instalaciones-de-calentadores-de-agua","status":"publish","type":"page","link":"https:\/\/joehillmanplumbers.com\/es\/servicios\/instalaciones-de-calentadores-de-agua\/","title":{"rendered":"Instalaciones de Calentadores de Agua"},"content":{"rendered":"<p>En <strong>JOE HILLMAN PLUMBERS<\/strong>, nos especializamos en la instalaci\u00f3n de calentadores de agua.<\/p>\n<p>Contacte con nuestros fontaneros profesionales para un servicio fiable en Fort Lauderdale. Garantizamos al 100% la satisfacci\u00f3n del cliente.<\/p>\n<h2>INSTALACI\u00d3N DE CALENTADORES DE AGUA DE CALIDAD<\/h2>\n<p>Con m\u00e1s de 31 a\u00f1os de experiencia, <strong>JOE HILLMAN PLUMBERS<\/strong> puede instalar su calentador de agua con los m\u00e1s altos est\u00e1ndares de calidad de la industria.<\/p>\n<p><img decoding=\"async\" class=\"wp-image-2062 size-full aligncenter\" src=\"https:\/\/joehillmanplumbers.com\/wp-content\/uploads\/2022\/03\/water-heaters-in-Davie-Florida.jpg\" alt=\"\" width=\"500\" height=\"333\" srcset=\"https:\/\/joehillmanplumbers.com\/wp-content\/uploads\/2022\/03\/water-heaters-in-Davie-Florida-300x200.jpg 300w, https:\/\/joehillmanplumbers.com\/wp-content\/uploads\/2022\/03\/water-heaters-in-Davie-Florida.jpg 500w\" sizes=\"(max-width: 500px) 100vw, 500px\" \/><\/p>\n<p>Trabajamos tanto para clientes residenciales como comerciales por todo Fort Lauderdale, Hollywood y Miramar; somos conocidos por nuestra profesionalidad y experiencia sin igual.<\/p>\n<p>Aseguramos que su trabajo ser\u00e1 realizado a tiempo y respetando sus requisitos presupuestarios.<\/p>\n<blockquote><p>Podemos instalar todo los modelos y marcas de<\/p><\/blockquote>\n<h3>FONTANEROS EXPERTOS<\/h3>\n<p>El experto equipo en JOE HILLMAN PLUMBERS est\u00e1 totalmente cualificado y certificado para encargarse de sus necesidades de instalaci\u00f3n de calentadores de agua. Usamos equipos de vanguardia y las \u00faltimas t\u00e9cnicas de la industria para ofrecer un acabado excepcional a nuestros clientes residenciales y comerciales.<\/p>\n<p>Conf\u00ede en nosotros para un servicio eficiente y profesional.<\/p>\n<blockquote><p>Fontaneros totalmente certificados, autorizados y cualificados<\/p><\/blockquote>\n","protected":false},"excerpt":{"rendered":"<p>En JOE HILLMAN PLUMBERS, nos especializamos en la instalaci\u00f3n de  [&#8230;]<\/p>\n","protected":false},"author":28,"featured_media":0,"parent":2355,"menu_order":0,"comment_status":"closed","ping_status":"closed","template":"","meta":{"footnotes":""},"class_list":["post-2607","page","type-page","status-publish","hentry"],"_links":{"self":[{"href":"https:\/\/joehillmanplumbers.com\/es\/wp-json\/wp\/v2\/pages\/2607","targetHints":{"allow":["GET"]}}],"collection":[{"href":"https:\/\/joehillmanplumbers.com\/es\/wp-json\/wp\/v2\/pages"}],"about":[{"href":"https:\/\/joehillmanplumbers.com\/es\/wp-json\/wp\/v2\/types\/page"}],"author":[{"embeddable":true,"href":"https:\/\/joehillmanplumbers.com\/es\/wp-json\/wp\/v2\/users\/28"}],"replies":[{"embeddable":true,"href":"https:\/\/joehillmanplumbers.com\/es\/wp-json\/wp\/v2\/comments?post=2607"}],"version-history":[{"count":4,"href":"https:\/\/joehillmanplumbers.com\/es\/wp-json\/wp\/v2\/pages\/2607\/revisions"}],"predecessor-version":[{"id":2614,"href":"https:\/\/joehillmanplumbers.com\/es\/wp-json\/wp\/v2\/pages\/2607\/revisions\/2614"}],"up":[{"embeddable":true,"href":"https:\/\/joehillmanplumbers.com\/es\/wp-json\/wp\/v2\/pages\/2355"}],"wp:attachment":[{"href":"https:\/\/joehillmanplumbers.com\/es\/wp-json\/wp\/v2\/media?parent=2607"}],"curies":[{"name":"wp","href":"https:\/\/api.w.org\/{rel}","templated":true}]}}