{"id":2552,"date":"2022-03-24T23:41:06","date_gmt":"2022-03-24T23:41:06","guid":{"rendered":"https:\/\/joehillmanplumbers.com\/?page_id=2552"},"modified":"2022-03-24T23:54:45","modified_gmt":"2022-03-24T23:54:45","slug":"socios","status":"publish","type":"page","link":"https:\/\/joehillmanplumbers.com\/es\/servicios-comerciales\/socios\/","title":{"rendered":"Socios"},"content":{"rendered":"<h2>Bienvenido a Joe Hillman Plumbers, Inc. compa\u00f1\u00eda de plomer\u00eda l\u00edder del sur de la Florida.<\/h2>\n<figure class='gallery-item'>\n\t\t\t\t<a data-elementor-open-lightbox=\"yes\" data-elementor-lightbox-slideshow=\"530ceeb\" data-elementor-lightbox-title=\"tacobell\" e-action-hash=\"#elementor-action%3Aaction%3Dlightbox%26settings%3DeyJpZCI6MjU1OCwidXJsIjoiaHR0cDpcL1wvc3RhZ2luZy1qb2VoaWxsbWFucGx1bWJlcnMua2luc3RhLmNsb3VkXC93cC1jb250ZW50XC91cGxvYWRzXC8yMDIyXC8wM1wvdGFjb2JlbGwuanBnIiwic2xpZGVzaG93IjoiNTMwY2VlYiJ9\" href='https:\/\/joehillmanplumbers.com\/wp-content\/uploads\/2022\/03\/tacobell.jpg'><img decoding=\"async\" width=\"400\" height=\"300\" src=\"https:\/\/joehillmanplumbers.com\/wp-content\/uploads\/2022\/03\/tacobell.jpg\" alt=\"\" loading=\"lazy\" srcset=\"https:\/\/joehillmanplumbers.com\/wp-content\/uploads\/2022\/03\/tacobell.jpg 400w, https:\/\/joehillmanplumbers.com\/wp-content\/uploads\/2022\/03\/tacobell-300x225.jpg 300w\" sizes=\"auto, (max-width: 400px) 100vw, 400px\"><\/a><br \/>\n\t\t\t<\/figure>\n<figure class='gallery-item'>\n\t\t\t\t<a data-elementor-open-lightbox=\"yes\" data-elementor-lightbox-slideshow=\"530ceeb\" data-elementor-lightbox-title=\"steak-shake\" e-action-hash=\"#elementor-action%3Aaction%3Dlightbox%26settings%3DeyJpZCI6MjU2MCwidXJsIjoiaHR0cDpcL1wvc3RhZ2luZy1qb2VoaWxsbWFucGx1bWJlcnMua2luc3RhLmNsb3VkXC93cC1jb250ZW50XC91cGxvYWRzXC8yMDIyXC8wM1wvc3RlYWstc2hha2UuanBnIiwic2xpZGVzaG93IjoiNTMwY2VlYiJ9\" href='https:\/\/joehillmanplumbers.com\/wp-content\/uploads\/2022\/03\/steak-shake.jpg'><img decoding=\"async\" width=\"400\" height=\"300\" src=\"https:\/\/joehillmanplumbers.com\/wp-content\/uploads\/2022\/03\/steak-shake.jpg\" alt=\"\" loading=\"lazy\" srcset=\"https:\/\/joehillmanplumbers.com\/wp-content\/uploads\/2022\/03\/steak-shake.jpg 400w, https:\/\/joehillmanplumbers.com\/wp-content\/uploads\/2022\/03\/steak-shake-300x225.jpg 300w\" sizes=\"auto, (max-width: 400px) 100vw, 400px\"><\/a><br \/>\n\t\t\t<\/figure>\n<figure class='gallery-item'>\n\t\t\t\t<a data-elementor-open-lightbox=\"yes\" data-elementor-lightbox-slideshow=\"530ceeb\" data-elementor-lightbox-title=\"groupone\" e-action-hash=\"#elementor-action%3Aaction%3Dlightbox%26settings%3DeyJpZCI6MjU2MiwidXJsIjoiaHR0cDpcL1wvc3RhZ2luZy1qb2VoaWxsbWFucGx1bWJlcnMua2luc3RhLmNsb3VkXC93cC1jb250ZW50XC91cGxvYWRzXC8yMDIyXC8wM1wvZ3JvdXBvbmUuanBnIiwic2xpZGVzaG93IjoiNTMwY2VlYiJ9\" href='https:\/\/joehillmanplumbers.com\/wp-content\/uploads\/2022\/03\/groupone.jpg'><img decoding=\"async\" width=\"400\" height=\"300\" src=\"https:\/\/joehillmanplumbers.com\/wp-content\/uploads\/2022\/03\/groupone.jpg\" alt=\"\" loading=\"lazy\" srcset=\"https:\/\/joehillmanplumbers.com\/wp-content\/uploads\/2022\/03\/groupone.jpg 400w, https:\/\/joehillmanplumbers.com\/wp-content\/uploads\/2022\/03\/groupone-300x225.jpg 300w\" sizes=\"auto, (max-width: 400px) 100vw, 400px\"><\/a><br \/>\n\t\t\t<\/figure>\n<figure class='gallery-item'>\n\t\t\t\t<a data-elementor-open-lightbox=\"yes\" data-elementor-lightbox-slideshow=\"530ceeb\" data-elementor-lightbox-title=\"autonation\" e-action-hash=\"#elementor-action%3Aaction%3Dlightbox%26settings%3DeyJpZCI6MjU2NCwidXJsIjoiaHR0cDpcL1wvc3RhZ2luZy1qb2VoaWxsbWFucGx1bWJlcnMua2luc3RhLmNsb3VkXC93cC1jb250ZW50XC91cGxvYWRzXC8yMDIyXC8wM1wvYXV0b25hdGlvbi5qcGciLCJzbGlkZXNob3ciOiI1MzBjZWViIn0%3D\" href='https:\/\/joehillmanplumbers.com\/wp-content\/uploads\/2022\/03\/autonation.jpg'><img decoding=\"async\" width=\"400\" height=\"300\" src=\"https:\/\/joehillmanplumbers.com\/wp-content\/uploads\/2022\/03\/autonation.jpg\" alt=\"\" loading=\"lazy\" srcset=\"https:\/\/joehillmanplumbers.com\/wp-content\/uploads\/2022\/03\/autonation.jpg 400w, https:\/\/joehillmanplumbers.com\/wp-content\/uploads\/2022\/03\/autonation-300x225.jpg 300w\" sizes=\"auto, (max-width: 400px) 100vw, 400px\"><\/a><br \/>\n\t\t\t<\/figure>\n<figure class='gallery-item'>\n\t\t\t\t<a data-elementor-open-lightbox=\"yes\" data-elementor-lightbox-slideshow=\"530ceeb\" data-elementor-lightbox-title=\"pandaexpress\" e-action-hash=\"#elementor-action%3Aaction%3Dlightbox%26settings%3DeyJpZCI6MjU2NiwidXJsIjoiaHR0cDpcL1wvc3RhZ2luZy1qb2VoaWxsbWFucGx1bWJlcnMua2luc3RhLmNsb3VkXC93cC1jb250ZW50XC91cGxvYWRzXC8yMDIyXC8wM1wvcGFuZGFleHByZXNzLmpwZyIsInNsaWRlc2hvdyI6IjUzMGNlZWIifQ%3D%3D\" href='https:\/\/joehillmanplumbers.com\/wp-content\/uploads\/2022\/03\/pandaexpress.jpg'><img decoding=\"async\" width=\"400\" height=\"300\" src=\"https:\/\/joehillmanplumbers.com\/wp-content\/uploads\/2022\/03\/pandaexpress.jpg\" alt=\"\" loading=\"lazy\" srcset=\"https:\/\/joehillmanplumbers.com\/wp-content\/uploads\/2022\/03\/pandaexpress.jpg 400w, https:\/\/joehillmanplumbers.com\/wp-content\/uploads\/2022\/03\/pandaexpress-300x225.jpg 300w\" sizes=\"auto, (max-width: 400px) 100vw, 400px\"><\/a><br \/>\n\t\t\t<\/figure>\n<figure class='gallery-item'>\n\t\t\t\t<a data-elementor-open-lightbox=\"yes\" data-elementor-lightbox-slideshow=\"530ceeb\" data-elementor-lightbox-title=\"rubythuesday\" e-action-hash=\"#elementor-action%3Aaction%3Dlightbox%26settings%3DeyJpZCI6MjU2OCwidXJsIjoiaHR0cDpcL1wvc3RhZ2luZy1qb2VoaWxsbWFucGx1bWJlcnMua2luc3RhLmNsb3VkXC93cC1jb250ZW50XC91cGxvYWRzXC8yMDIyXC8wM1wvcnVieXRodWVzZGF5LmpwZyIsInNsaWRlc2hvdyI6IjUzMGNlZWIifQ%3D%3D\" href='https:\/\/joehillmanplumbers.com\/wp-content\/uploads\/2022\/03\/rubythuesday.jpg'><img decoding=\"async\" width=\"400\" height=\"300\" src=\"https:\/\/joehillmanplumbers.com\/wp-content\/uploads\/2022\/03\/rubythuesday.jpg\" alt=\"\" loading=\"lazy\" srcset=\"https:\/\/joehillmanplumbers.com\/wp-content\/uploads\/2022\/03\/rubythuesday.jpg 400w, https:\/\/joehillmanplumbers.com\/wp-content\/uploads\/2022\/03\/rubythuesday-300x225.jpg 300w\" sizes=\"auto, (max-width: 400px) 100vw, 400px\"><\/a><br \/>\n\t\t\t<\/figure>\n<figure class='gallery-item'>\n\t\t\t\t<a data-elementor-open-lightbox=\"yes\" data-elementor-lightbox-slideshow=\"530ceeb\" data-elementor-lightbox-title=\"publix\" e-action-hash=\"#elementor-action%3Aaction%3Dlightbox%26settings%3DeyJpZCI6MjU3MCwidXJsIjoiaHR0cDpcL1wvc3RhZ2luZy1qb2VoaWxsbWFucGx1bWJlcnMua2luc3RhLmNsb3VkXC93cC1jb250ZW50XC91cGxvYWRzXC8yMDIyXC8wM1wvcHVibGl4LmpwZyIsInNsaWRlc2hvdyI6IjUzMGNlZWIifQ%3D%3D\" href='https:\/\/joehillmanplumbers.com\/wp-content\/uploads\/2022\/03\/publix.jpg'><img decoding=\"async\" width=\"400\" height=\"300\" src=\"https:\/\/joehillmanplumbers.com\/wp-content\/uploads\/2022\/03\/publix.jpg\" alt=\"\" loading=\"lazy\" srcset=\"https:\/\/joehillmanplumbers.com\/wp-content\/uploads\/2022\/03\/publix.jpg 400w, https:\/\/joehillmanplumbers.com\/wp-content\/uploads\/2022\/03\/publix-300x225.jpg 300w\" sizes=\"auto, (max-width: 400px) 100vw, 400px\"><\/a><br \/>\n\t\t\t<\/figure>\n<figure class='gallery-item'>\n\t\t\t\t<a data-elementor-open-lightbox=\"yes\" data-elementor-lightbox-slideshow=\"530ceeb\" data-elementor-lightbox-title=\"winndixie\" e-action-hash=\"#elementor-action%3Aaction%3Dlightbox%26settings%3DeyJpZCI6MjU3MiwidXJsIjoiaHR0cDpcL1wvc3RhZ2luZy1qb2VoaWxsbWFucGx1bWJlcnMua2luc3RhLmNsb3VkXC93cC1jb250ZW50XC91cGxvYWRzXC8yMDIyXC8wM1wvd2lubmRpeGllLmpwZyIsInNsaWRlc2hvdyI6IjUzMGNlZWIifQ%3D%3D\" href='https:\/\/joehillmanplumbers.com\/wp-content\/uploads\/2022\/03\/winndixie.jpg'><img decoding=\"async\" width=\"400\" height=\"300\" src=\"https:\/\/joehillmanplumbers.com\/wp-content\/uploads\/2022\/03\/winndixie.jpg\" alt=\"\" loading=\"lazy\" srcset=\"https:\/\/joehillmanplumbers.com\/wp-content\/uploads\/2022\/03\/winndixie.jpg 400w, https:\/\/joehillmanplumbers.com\/wp-content\/uploads\/2022\/03\/winndixie-300x225.jpg 300w\" sizes=\"auto, (max-width: 400px) 100vw, 400px\"><\/a><br \/>\n\t\t\t<\/figure>\n<figure class='gallery-item'>\n\t\t\t\t<a data-elementor-open-lightbox=\"yes\" data-elementor-lightbox-slideshow=\"530ceeb\" data-elementor-lightbox-title=\"darden\" e-action-hash=\"#elementor-action%3Aaction%3Dlightbox%26settings%3DeyJpZCI6MjU3NCwidXJsIjoiaHR0cDpcL1wvc3RhZ2luZy1qb2VoaWxsbWFucGx1bWJlcnMua2luc3RhLmNsb3VkXC93cC1jb250ZW50XC91cGxvYWRzXC8yMDIyXC8wM1wvZGFyZGVuLmpwZyIsInNsaWRlc2hvdyI6IjUzMGNlZWIifQ%3D%3D\" href='https:\/\/joehillmanplumbers.com\/wp-content\/uploads\/2022\/03\/darden.jpg'><img decoding=\"async\" width=\"400\" height=\"300\" src=\"https:\/\/joehillmanplumbers.com\/wp-content\/uploads\/2022\/03\/darden.jpg\" alt=\"\" loading=\"lazy\" srcset=\"https:\/\/joehillmanplumbers.com\/wp-content\/uploads\/2022\/03\/darden.jpg 400w, https:\/\/joehillmanplumbers.com\/wp-content\/uploads\/2022\/03\/darden-300x225.jpg 300w\" sizes=\"auto, (max-width: 400px) 100vw, 400px\"><\/a><br \/>\n\t\t\t<\/figure>\n<figure class='gallery-item'>\n\t\t\t\t<a data-elementor-open-lightbox=\"yes\" data-elementor-lightbox-slideshow=\"530ceeb\" data-elementor-lightbox-title=\"kfc\" e-action-hash=\"#elementor-action%3Aaction%3Dlightbox%26settings%3DeyJpZCI6MjU3NiwidXJsIjoiaHR0cDpcL1wvc3RhZ2luZy1qb2VoaWxsbWFucGx1bWJlcnMua2luc3RhLmNsb3VkXC93cC1jb250ZW50XC91cGxvYWRzXC8yMDIyXC8wM1wva2ZjLmpwZyIsInNsaWRlc2hvdyI6IjUzMGNlZWIifQ%3D%3D\" href='https:\/\/joehillmanplumbers.com\/wp-content\/uploads\/2022\/03\/kfc.jpg'><img decoding=\"async\" width=\"400\" height=\"300\" src=\"https:\/\/joehillmanplumbers.com\/wp-content\/uploads\/2022\/03\/kfc.jpg\" alt=\"\" loading=\"lazy\" srcset=\"https:\/\/joehillmanplumbers.com\/wp-content\/uploads\/2022\/03\/kfc.jpg 400w, https:\/\/joehillmanplumbers.com\/wp-content\/uploads\/2022\/03\/kfc-300x225.jpg 300w\" sizes=\"auto, (max-width: 400px) 100vw, 400px\"><\/a><br \/>\n\t\t\t<\/figure>\n","protected":false},"excerpt":{"rendered":"<p>Bienvenido a Joe Hillman Plumbers, Inc. compa\u00f1\u00eda de plomer\u00eda l\u00edder  [&#8230;]<\/p>\n","protected":false},"author":28,"featured_media":0,"parent":2545,"menu_order":0,"comment_status":"closed","ping_status":"closed","template":"elementor_header_footer","meta":{"footnotes":""},"class_list":["post-2552","page","type-page","status-publish","hentry"],"_links":{"self":[{"href":"https:\/\/joehillmanplumbers.com\/es\/wp-json\/wp\/v2\/pages\/2552","targetHints":{"allow":["GET"]}}],"collection":[{"href":"https:\/\/joehillmanplumbers.com\/es\/wp-json\/wp\/v2\/pages"}],"about":[{"href":"https:\/\/joehillmanplumbers.com\/es\/wp-json\/wp\/v2\/types\/page"}],"author":[{"embeddable":true,"href":"https:\/\/joehillmanplumbers.com\/es\/wp-json\/wp\/v2\/users\/28"}],"replies":[{"embeddable":true,"href":"https:\/\/joehillmanplumbers.com\/es\/wp-json\/wp\/v2\/comments?post=2552"}],"version-history":[{"count":14,"href":"https:\/\/joehillmanplumbers.com\/es\/wp-json\/wp\/v2\/pages\/2552\/revisions"}],"predecessor-version":[{"id":2604,"href":"https:\/\/joehillmanplumbers.com\/es\/wp-json\/wp\/v2\/pages\/2552\/revisions\/2604"}],"up":[{"embeddable":true,"href":"https:\/\/joehillmanplumbers.com\/es\/wp-json\/wp\/v2\/pages\/2545"}],"wp:attachment":[{"href":"https:\/\/joehillmanplumbers.com\/es\/wp-json\/wp\/v2\/media?parent=2552"}],"curies":[{"name":"wp","href":"https:\/\/api.w.org\/{rel}","templated":true}]}}