{"id":2545,"date":"2022-03-24T23:22:47","date_gmt":"2022-03-25T03:22:47","guid":{"rendered":"https:\/\/joehillmanplumbers.com\/?page_id=2545"},"modified":"2026-04-01T13:48:02","modified_gmt":"2026-04-01T17:48:02","slug":"servicios-comerciales","status":"publish","type":"page","link":"https:\/\/joehillmanplumbers.com\/es\/servicios-comerciales\/","title":{"rendered":"Servicios Comerciales"},"content":{"rendered":"<div class=\"fusion-fullwidth fullwidth-box fusion-builder-row-1 fusion-flex-container nonhundred-percent-fullwidth non-hundred-percent-height-scrolling\" style=\"--awb-border-radius-top-left:0px;--awb-border-radius-top-right:0px;--awb-border-radius-bottom-right:0px;--awb-border-radius-bottom-left:0px;--awb-flex-wrap:wrap;\" ><div class=\"fusion-builder-row fusion-row fusion-flex-align-items-flex-start fusion-flex-content-wrap\" style=\"max-width:1248px;margin-left: calc(-4% \/ 2 );margin-right: calc(-4% \/ 2 );\"><div class=\"fusion-layout-column fusion_builder_column fusion-builder-column-0 fusion_builder_column_1_1 1_1 fusion-flex-column\" style=\"--awb-bg-size:cover;--awb-width-large:100%;--awb-margin-top-large:0px;--awb-spacing-right-large:1.92%;--awb-margin-bottom-large:0px;--awb-spacing-left-large:1.92%;--awb-width-medium:100%;--awb-spacing-right-medium:1.92%;--awb-spacing-left-medium:1.92%;--awb-width-small:100%;--awb-spacing-right-small:1.92%;--awb-spacing-left-small:1.92%;\"><div class=\"fusion-column-wrapper fusion-flex-justify-content-flex-start fusion-content-layout-column\"><div class=\"fusion-text fusion-text-1\"><style>\/*! elementor - v3.5.6 - 28-02-2022 *\/<br \/>.elementor-heading-title{padding:0;margin:0;line-height:1}.elementor-widget-heading .elementor-heading-title[class*=elementor-size-]>a{color:inherit;font-size:inherit;line-height:inherit}.elementor-widget-heading .elementor-heading-title.elementor-size-small{font-size:15px}.elementor-widget-heading .elementor-heading-title.elementor-size-medium{font-size:19px}.elementor-widget-heading .elementor-heading-title.elementor-size-large{font-size:29px}.elementor-widget-heading .elementor-heading-title.elementor-size-xl{font-size:39px}.elementor-widget-heading .elementor-heading-title.elementor-size-xxl{font-size:59px}<\/style>\n<h2>Bienvenido a Joe Hillman Plumbers, Inc. compa\u00f1\u00eda de plomer\u00eda l\u00edder del sur de la Florida.<\/h2>\n<p>\u00danase a las grandes corporaciones minoristas que Joe Hillman Plumbers sirve por todo Florida del Sur!<\/p>\n<p>Grandes corporaciones minoristas, as\u00ed como innumerables tiendas independientes conf\u00edan en nosotros para proporcionar servicios de fontaner\u00eda de calidad de manera oportuna para que puedan centrarse en proporcionar servicio a sus clientes.<\/p>\n<p>Joe Hillman Plumbers est\u00e1 disponible las 24 horas del d\u00eda para asegurarse de que sus problemas de fontaner\u00eda se resuelven con prontitud y sus clientes pueden seguir felices comprando por sus estantes.<\/p>\n<style>\/*! elementor - v3.5.6 - 28-02-2022 *\/<br \/>.elementor-widget-divider{--divider-border-style:none;--divider-border-width:1px;--divider-color:#2c2c2c;--divider-icon-size:20px;--divider-element-spacing:10px;--divider-pattern-height:24px;--divider-pattern-size:20px;--divider-pattern-url:none;--divider-pattern-repeat:repeat-x}.elementor-widget-divider .elementor-divider{display:-webkit-box;display:-ms-flexbox;display:flex}.elementor-widget-divider .elementor-divider__text{font-size:15px;line-height:1;max-width:95%}.elementor-widget-divider .elementor-divider__element{margin:0 var(--divider-element-spacing);-ms-flex-negative:0;flex-shrink:0}.elementor-widget-divider .elementor-icon{font-size:var(--divider-icon-size)}.elementor-widget-divider .elementor-divider-separator{display:-webkit-box;display:-ms-flexbox;display:flex;margin:0;direction:ltr}.elementor-widget-divider--view-line_icon .elementor-divider-separator,.elementor-widget-divider--view-line_text .elementor-divider-separator{-webkit-box-align:center;-ms-flex-align:center;align-items:center}.elementor-widget-divider--view-line_icon .elementor-divider-separator:after,.elementor-widget-divider--view-line_icon .elementor-divider-separator:before,.elementor-widget-divider--view-line_text .elementor-divider-separator:after,.elementor-widget-divider--view-line_text .elementor-divider-separator:before{display:block;content:\"\";border-bottom:0;-webkit-box-flex:1;-ms-flex-positive:1;flex-grow:1;border-top:var(--divider-border-width) var(--divider-border-style) var(--divider-color)}.elementor-widget-divider--element-align-left .elementor-divider .elementor-divider-separator>.elementor-divider__svg:first-of-type{-webkit-box-flex:0;-ms-flex-positive:0;flex-grow:0;-ms-flex-negative:100;flex-shrink:100}.elementor-widget-divider--element-align-left .elementor-divider-separator:before{content:none}.elementor-widget-divider--element-align-left .elementor-divider__element{margin-left:0}.elementor-widget-divider--element-align-right .elementor-divider .elementor-divider-separator>.elementor-divider__svg:last-of-type{-webkit-box-flex:0;-ms-flex-positive:0;flex-grow:0;-ms-flex-negative:100;flex-shrink:100}.elementor-widget-divider--element-align-right .elementor-divider-separator:after{content:none}.elementor-widget-divider--element-align-right .elementor-divider__element{margin-right:0}.elementor-widget-divider:not(.elementor-widget-divider--view-line_text):not(.elementor-widget-divider--view-line_icon) .elementor-divider-separator{border-top:var(--divider-border-width) var(--divider-border-style) var(--divider-color)}.elementor-widget-divider--separator-type-pattern{--divider-border-style:none}.elementor-widget-divider--separator-type-pattern.elementor-widget-divider--view-line .elementor-divider-separator,.elementor-widget-divider--separator-type-pattern:not(.elementor-widget-divider--view-line) .elementor-divider-separator:after,.elementor-widget-divider--separator-type-pattern:not(.elementor-widget-divider--view-line) .elementor-divider-separator:before,.elementor-widget-divider--separator-type-pattern:not([class*=elementor-widget-divider--view]) .elementor-divider-separator{width:100%;min-height:var(--divider-pattern-height);-webkit-mask-size:var(--divider-pattern-size) 100%;mask-size:var(--divider-pattern-size) 100%;-webkit-mask-repeat:var(--divider-pattern-repeat);mask-repeat:var(--divider-pattern-repeat);background-color:var(--divider-color);-webkit-mask-image:var(--divider-pattern-url);mask-image:var(--divider-pattern-url)}.elementor-widget-divider--no-spacing{--divider-pattern-size:auto}.elementor-widget-divider--bg-round{--divider-pattern-repeat:round}.rtl .elementor-widget-divider .elementor-divider__text{direction:rtl}<\/style>\n<h3>RESTAURANTES<\/h3>\n<p>Joe Hillman Plumbers entiende lo vital que es para los restaurantes no tener problemas de fontaner\u00eda.<\/p>\n<p>Caf\u00e9s locales independientes y grandes corporaciones de restaurantes nos llaman para todas sus necesidades de fontaner\u00eda.<\/p>\n<p>Las urgencias de fontaner\u00eda que podr\u00edan violar los c\u00f3digos de salud, tales como no tener agua caliente, se prioritarias y son resueltas r\u00e1pidamente por nuestros t\u00e9cnicos expertos, sin importar la hora, para que pueda volver a los negocios como de costumbre. Aver\u00edas como ba\u00f1os rotos, retornos en drenajes de suelo y tuber\u00edas de agua con fugas, todas pueden ser resueltas las 24 horas del d\u00eda para que todos sus clientes puedan recibir sus comidas m\u00e1s r\u00e1pido e irse llenos y felices.<\/p>\n<h3>HOTELES<\/h3>\n<p>Populares hoteles de Florida del Sur de 5 estrellas, as\u00ed como moteles locales independientes, dependen de Joe Hillman Plumbers siempre que se encuentran con un problema de fontaner\u00eda. Queremos que sus clientes siempre se sientan c\u00f3modos en sus vacaciones y viajes de negocios, y nos aseguraremos de que los problemas tales como inodoros atascados, ba\u00f1eras desbordantes y lavabos parados se resuelven r\u00e1pidamente para que sus clientes puedan volver a relajarse y a disfrutar de su estancia.<\/p>\n<h3>Apartmentos<\/h3>\n<p>Joe Hillman Plumbers proporciona sus servicios a muchos bloques de apartamentos en Florida del Sur. Trabajamos con la gerencia del condominio, la asociaci\u00f3n y los residentes para asegurar que el trabajo que proporcionamos se haga profesionalmente respetando las reglas de la asociaci\u00f3n. La eliminaci\u00f3n de desechos averiada, los calentadores de agua que funcionan mal y los inodoros obstruidos son r\u00e1pidamente solucionados por nuestros expertos t\u00e9cnicos. Estamos disponibles las 24 horas del d\u00eda tanto para los peque\u00f1os problemas como para las emergencias importantes.<\/p>\n<h3>SUPERMERCADOS<\/h3>\n<p>Desde las tiendas de carne, charcuter\u00eda, pescado y panader\u00eda, donde los empleados y sus alrededores necesitan ser sanitarios, a los sistemas de nebulizaci\u00f3n de productos, a los ba\u00f1os de los clientes, los supermercados tienen una gran necesidad de una fontaner\u00eda que funcione adecuadamente. Joe Hillman Plumbers se enorgullece de proporcionar servicio de fontaner\u00eda a las principales cadenas de supermercados, as\u00ed como tiendas de comestibles locales. Todos los problemas de fontaner\u00eda, no importa si peque\u00f1os o grandes, son r\u00e1pida y profesionalmente resueltos por nuestro equipo de t\u00e9cnicos calificados para que sus clientes pueden comprar tranquilamente en cada pasillo para la comida de esta noche.<\/p>\n<\/div><\/div><\/div><\/div><\/div>\n","protected":false},"excerpt":{"rendered":"","protected":false},"author":28,"featured_media":61900,"parent":0,"menu_order":0,"comment_status":"closed","ping_status":"closed","template":"","meta":{"footnotes":""},"class_list":["post-2545","page","type-page","status-publish","has-post-thumbnail","hentry"],"_links":{"self":[{"href":"https:\/\/joehillmanplumbers.com\/es\/wp-json\/wp\/v2\/pages\/2545","targetHints":{"allow":["GET"]}}],"collection":[{"href":"https:\/\/joehillmanplumbers.com\/es\/wp-json\/wp\/v2\/pages"}],"about":[{"href":"https:\/\/joehillmanplumbers.com\/es\/wp-json\/wp\/v2\/types\/page"}],"author":[{"embeddable":true,"href":"https:\/\/joehillmanplumbers.com\/es\/wp-json\/wp\/v2\/users\/28"}],"replies":[{"embeddable":true,"href":"https:\/\/joehillmanplumbers.com\/es\/wp-json\/wp\/v2\/comments?post=2545"}],"version-history":[{"count":6,"href":"https:\/\/joehillmanplumbers.com\/es\/wp-json\/wp\/v2\/pages\/2545\/revisions"}],"predecessor-version":[{"id":61901,"href":"https:\/\/joehillmanplumbers.com\/es\/wp-json\/wp\/v2\/pages\/2545\/revisions\/61901"}],"wp:featuredmedia":[{"embeddable":true,"href":"https:\/\/joehillmanplumbers.com\/es\/wp-json\/wp\/v2\/media\/61900"}],"wp:attachment":[{"href":"https:\/\/joehillmanplumbers.com\/es\/wp-json\/wp\/v2\/media?parent=2545"}],"curies":[{"name":"wp","href":"https:\/\/api.w.org\/{rel}","templated":true}]}}