{"id":2508,"date":"2022-03-24T22:18:15","date_gmt":"2022-03-24T22:18:15","guid":{"rendered":"https:\/\/joehillmanplumbers.com\/?page_id=2508"},"modified":"2022-03-24T22:29:18","modified_gmt":"2022-03-24T22:29:18","slug":"planes-y-tarifas","status":"publish","type":"page","link":"https:\/\/joehillmanplumbers.com\/es\/planes-y-tarifas\/","title":{"rendered":"Planes Y Tarifas"},"content":{"rendered":"<h3>Bienvenido a Joe Hillman Plumbers, Inc. compa\u00f1\u00eda de plomer\u00eda l\u00edder del sur de la Florida.<\/h3>\n<blockquote>\n<p>\n\t\t\t\t\u201cPuede juzgar f\u00e1cilmente el car\u00e1cter de un hombre por c\u00f3mo trata aquellos que no pueden hacer nada por \u00e9l.\u201d\n\t\t\t<\/p>\n<footer>\n\t\t\t\t\t\t\t\t\t\t\t<cite>Malcom Forbes<\/cite><br \/>\n\t\t\t\t\t\t\t\t\t\t\t\t\t\t<\/footer>\n<\/blockquote>\n<p>Excelente atenci\u00f3n al cliente y precios asequibles han sido la combinaci\u00f3n ganadora en Joe Hillman. Cobramos una tarifa fija para la mayor\u00eda de nuestros servicios, sin importar el tiempo que tome realizar el trabajo. Ofrecemos:<\/p>\n<ul>\n<li>Descuento para las personas mayores<\/li>\n<li>Descuento para militares<\/li>\n<li>Promociones y especiales en nuestra p\u00e1gina de Facebook (\u201cJoe Hillman Plumbers\u201d).<\/li>\n<\/ul>\n<p>Esos precios justos se extienden a nuestro pr\u00f3spero negocio de servicios comerciales, ya que han retenido clientes como Publix Super Markets durante casi 31 a\u00f1os.<\/p>\n<p>Muchos de los clientes de Joe Hillman aprecian el ahorro y la conveniencia de inscribirse en el programa de membres\u00eda del Plan de Servicio de Fontaner\u00eda Universal disponible. Los miembros reciben muchos servicios de fontaner\u00eda con una tarifa reducida, incluyendo una tarifa de servicio plana, para que no paguen m\u00e1s por una llamada de servicio fuera de horario o en fin de semana. Las membres\u00edas se pueden comprar y renovar anualmente, o hay una opci\u00f3n de membres\u00eda de por vida donde los clientes s\u00f3lo hacen un pago. Las membres\u00edas tambi\u00e9n vienen con servicio de prioridad, una inspecci\u00f3n de cortes\u00eda de la casa, y un resumen en profundidad de evaluaci\u00f3n de la casa. Familia.<\/p>\n<p>Los planes de Servicio de Fontaner\u00eda Universal incluyen:<\/p>\n<ul>\n<li>Servicio de prioridad.<\/li>\n<li>Tarifa de servicio reducida.<\/li>\n<li>Valiosas tarifas con ahorros de hasta el 30% sobre la tarifa est\u00e1ndar.<\/li>\n<li>Inspecci\u00f3n gratuita de la casa<\/li>\n<li>Tutorial de toda la residencia dentro y fuera con propietario de casa.<\/li>\n<li>Informe de evaluaci\u00f3n en el hogar con explicaci\u00f3n detallada.<\/li>\n<li>Valiosas tarifas para renovaciones anuales<\/li>\n<li>Ofrecemos una membres\u00eda anual que puede renovar cada a\u00f1o o una opci\u00f3n de membres\u00eda de por vida que nunca tendr\u00e1 que renovar.<\/li>\n<li>Presentando el Programa de Recompensas de Referencia<\/li>\n<li>Refiera a Joe Hillman Plumbers y reciba un Plan de Servicio de Fontaner\u00eda Universal GRATIS * provisiones para miembros existentes<\/li>\n<\/ul>\n<p>Nuevas tarifas para personas mayores<\/p>\n<p>Informe a nuestros t\u00e9cnicos si usted pertenece a la tarifa de personas mayores y reciba descuentos.<\/p>\n<p>Llame a 954-577-9445 para que uno de nuestros t\u00e9cnicos solucione sus problemas de fontaner\u00eda 365 d\u00edas al a\u00f1o, sin tasas por horas extra.<\/p>\n<p>Ll\u00e1menos hoy mismo 800-273-6189<\/p>\n","protected":false},"excerpt":{"rendered":"<p>Bienvenido a Joe Hillman Plumbers, Inc. compa\u00f1\u00eda de plomer\u00eda l\u00edder  [&#8230;]<\/p>\n","protected":false},"author":28,"featured_media":0,"parent":0,"menu_order":0,"comment_status":"closed","ping_status":"closed","template":"elementor_header_footer","meta":{"footnotes":""},"class_list":["post-2508","page","type-page","status-publish","hentry"],"_links":{"self":[{"href":"https:\/\/joehillmanplumbers.com\/es\/wp-json\/wp\/v2\/pages\/2508","targetHints":{"allow":["GET"]}}],"collection":[{"href":"https:\/\/joehillmanplumbers.com\/es\/wp-json\/wp\/v2\/pages"}],"about":[{"href":"https:\/\/joehillmanplumbers.com\/es\/wp-json\/wp\/v2\/types\/page"}],"author":[{"embeddable":true,"href":"https:\/\/joehillmanplumbers.com\/es\/wp-json\/wp\/v2\/users\/28"}],"replies":[{"embeddable":true,"href":"https:\/\/joehillmanplumbers.com\/es\/wp-json\/wp\/v2\/comments?post=2508"}],"version-history":[{"count":11,"href":"https:\/\/joehillmanplumbers.com\/es\/wp-json\/wp\/v2\/pages\/2508\/revisions"}],"predecessor-version":[{"id":2530,"href":"https:\/\/joehillmanplumbers.com\/es\/wp-json\/wp\/v2\/pages\/2508\/revisions\/2530"}],"wp:attachment":[{"href":"https:\/\/joehillmanplumbers.com\/es\/wp-json\/wp\/v2\/media?parent=2508"}],"curies":[{"name":"wp","href":"https:\/\/api.w.org\/{rel}","templated":true}]}}