{"id":2360,"date":"2025-10-06T11:53:34","date_gmt":"2025-10-06T15:53:34","guid":{"rendered":"https:\/\/joehillmanplumbers.com\/employment-opportunities\/"},"modified":"2022-03-24T19:19:18","modified_gmt":"2022-03-24T19:19:18","slug":"empleo","status":"publish","type":"page","link":"https:\/\/joehillmanplumbers.com\/es\/empleo\/","title":{"rendered":"Empleos"},"content":{"rendered":"<h3>Bienvenido a Joe Hillman Plumbers, Inc. compa\u00f1\u00eda de plomer\u00eda l\u00edder del sur de la Florida.<\/h3>\n<h2>ESTA ES UNA GRAN OPORTUNIDAD PARA UNIRSE A UN EQUIPO GANADOR!<\/h2>\n<h3>OFRECEMOS BENEFICIOS DE PRIMERA CATEGOR\u00cdA INCLUYENDO:<\/h3>\n<ul>\n<li>401k<\/li>\n<li>Seguro de salud, visi\u00f3n y dental<\/li>\n<li>Vacaciones pagadas<\/li>\n<li>Vacaciones pagadas<\/li>\n<li>Seguro complementario<\/li>\n<\/ul>\n<h3>REQUISITOS DE TRABAJO:<\/h3>\n<ul>\n<li>Licencia de conducir v\u00e1lida que es aprobada por nuestra compa\u00f1\u00eda de seguros<\/li>\n<li>Capacidad para pasar una verificaci\u00f3n de antecedentes, la pantalla de drogas y el control del DMV<\/li>\n<\/ul>\n<p>&nbsp;<\/p>\n<p><a class=\"elementor-button-link elementor-button elementor-size-lg\" role=\"button\" href=\"https:\/\/joehillmanplumbers.com\/wp-content\/uploads\/2022\/03\/Application-for-Employment.pdf\" target=\"_blank\" rel=\"noopener\">SOLICITUD DE EMPLEO<\/a><\/p>\n<p><a class=\"elementor-button-link elementor-button elementor-size-lg\" role=\"button\" href=\"https:\/\/joehillmanplumbers.com\/wp-content\/uploads\/2022\/03\/Application-for-Employment.pdf\" target=\"_blank\" rel=\"noopener\">CARRERAS EN JOE HILLMAN PLUMBING<\/a><\/p>\n","protected":false},"excerpt":{"rendered":"<p>Bienvenido a Joe Hillman Plumbers, Inc. compa\u00f1\u00eda de plomer\u00eda l\u00edder  [&#8230;]<\/p>\n","protected":false},"author":28,"featured_media":0,"parent":0,"menu_order":0,"comment_status":"closed","ping_status":"closed","template":"","meta":{"footnotes":""},"class_list":["post-2360","page","type-page","status-publish","hentry"],"_links":{"self":[{"href":"https:\/\/joehillmanplumbers.com\/es\/wp-json\/wp\/v2\/pages\/2360","targetHints":{"allow":["GET"]}}],"collection":[{"href":"https:\/\/joehillmanplumbers.com\/es\/wp-json\/wp\/v2\/pages"}],"about":[{"href":"https:\/\/joehillmanplumbers.com\/es\/wp-json\/wp\/v2\/types\/page"}],"author":[{"embeddable":true,"href":"https:\/\/joehillmanplumbers.com\/es\/wp-json\/wp\/v2\/users\/28"}],"replies":[{"embeddable":true,"href":"https:\/\/joehillmanplumbers.com\/es\/wp-json\/wp\/v2\/comments?post=2360"}],"version-history":[{"count":7,"href":"https:\/\/joehillmanplumbers.com\/es\/wp-json\/wp\/v2\/pages\/2360\/revisions"}],"predecessor-version":[{"id":2373,"href":"https:\/\/joehillmanplumbers.com\/es\/wp-json\/wp\/v2\/pages\/2360\/revisions\/2373"}],"wp:attachment":[{"href":"https:\/\/joehillmanplumbers.com\/es\/wp-json\/wp\/v2\/media?parent=2360"}],"curies":[{"name":"wp","href":"https:\/\/api.w.org\/{rel}","templated":true}]}}