{"id":2355,"date":"2022-03-24T16:10:27","date_gmt":"2022-03-24T16:10:27","guid":{"rendered":"https:\/\/joehillmanplumbers.com\/?page_id=2355"},"modified":"2022-03-24T22:31:02","modified_gmt":"2022-03-24T22:31:02","slug":"servicios","status":"publish","type":"page","link":"https:\/\/joehillmanplumbers.com\/es\/servicios\/","title":{"rendered":"Servicios"},"content":{"rendered":"<h2>SERVICIOS DE FONTANER\u00cdA<\/h2>\n<h3>Bienvenido a Joe Hillman Plumbers, Inc. compa\u00f1\u00eda de plomer\u00eda l\u00edder del sur de la Florida.<\/h3>\n<p>Con m\u00e1s de 31 a\u00f1os de experiencia, somos un contratista de plomer\u00eda de servicio completo que ofrece una amplia gama de servicios de plomer\u00eda para clientes comerciales y residenciales en todo el sur de Florida.<\/p>\n<p>Navegue por nuestras p\u00e1ginas para obtener informaci\u00f3n adicional.<\/p>\n<p>UN EQUIPO DE FONTANEROS PROFESIONAL Y EXPERIMENTADO<\/p>\n<p>En JOE HILLMAN PLUMBERS, tenemos un equipo profesional y competente que se compromete con superar sus expectativas cuando nos contrata para sus servicios de fontaner\u00eda.<\/p>\n<p>No importa qu\u00e9 servicio est\u00e9 buscando \u2013 instalaci\u00f3n, mantenimiento o reparaci\u00f3n \u2013 puede contar con nosotros.<\/p>\n<p>Comenzamos con tan solo cuatro socios y hoy en d\u00eda tenemos m\u00e1s de 85 empleados. En los \u00faltimos a\u00f1os, hemos experimentado un crecimiento anual del 14%.<\/p>\n<p>Trabajamos en la regi\u00f3n de los tres condados, nuestros cualificados fontaneros reciben constantemente formaci\u00f3n para mantenerles al d\u00eda de las \u00faltimas t\u00e9cnicas y tecnolog\u00edas.<\/p>\n<p>Si tiene un problema de fontaner\u00eda urgente, no se preocupe. Estamos disponibles las 24 horas del d\u00eda, 7 d\u00edas a la semana.<\/p>\n<p>\u00bfQuiere conocer m\u00e1s sobre nuestros servicios? \u00a1Cont\u00e1ctenos hoy!<\/p>\n<blockquote>\n<p>\n\t\t\t\tNuestro equipo recibe formaci\u00f3n constantemente para mantenerse al d\u00eda de las \u00faltimas t\u00e9cnicas de la industria.\t\t\t<\/p>\n<\/blockquote>\n<h3>NUESTROS SERVICIOS<\/h3>\n<p>JOE HILLMAN PLUMBERS es capaz de ofrecer una amplia gama de soluciones de fontaner\u00eda tanto comercial como residencial, incluyendo :<\/p>\n<ul>\n<li>Instalaci\u00f3n de calentadores de agua<\/li>\n<li>Limpieza de desag\u00fces<\/li>\n<li>Detecci\u00f3n de fugas<\/li>\n<li>Inspecci\u00f3n por v\u00eddeo<\/li>\n<li>Reparaci\u00f3n de alcantarillas<\/li>\n<li>Reparaci\u00f3n de red de tuber\u00edas<\/li>\n<li>Reparaci\u00f3n de conductos de gas<\/li>\n<li>Instalaci\u00f3n de inodoros<\/li>\n<li>Instalaci\u00f3n de grifos<\/li>\n<li>Reinstalaci\u00f3n<\/li>\n<li>24\/7 Fontaner\u00eda de urgencia<\/li>\n<\/ul>\n<p>Ning\u00fan trabajo es demasiado grande ni demasiado peque\u00f1o. Nos encargamos de cualquier proyecto de fontaner\u00eda con la misma profesionalidad y dedicaci\u00f3n.<\/p>\n<p>Si necesita rehacer la instalaci\u00f3n de fontaner\u00eda en su casa, instalar la red de tuber\u00edas o reparar cualquier grifo con fugas, nos comprometemos a superar sus expectativas al proveer una experiencia sin rival.<\/p>\n<p>Cuando elige a JOE HILLMAN PLUMBERS, puede estar seguro de que el trabajo se har\u00e1 bien a la primera.<\/p>\n<blockquote>\n<p>\n\t\t\t\tDe la instalaci\u00f3n de calentadores de agua a una nueva instalaci\u00f3n complete de la red de fontaner\u00eda de su casa, completamos cada proyecto con altos est\u00e1ndares.\t\t\t<\/p>\n<\/blockquote>\n<p>\t\t\t\t<a href=\"#\"><br \/>\n\t\t\t\t\t\t\t\t<\/a><\/p>\n<h3>\n\t\t\t\t\t<a href=\"#\" ><br \/>\n\t\t\t\t\t\tInstalaci\u00f3n de calentadores de agua\t\t\t\t\t<\/a><br \/>\n\t\t\t\t<\/h3>\n<p>\n\t\t\t\t\t\tCon m\u00e1s de 31 a\u00f1os de experiencia, Joe Hillman Plumbers puede instalar su calentador de agua con los m\u00e1s altos est\u00e1ndares de calidad de la industria.\n\t\t\t\t\t<\/p>\n<p>\t\t\t\t<a href=\"#\"><br \/>\n\t\t\t\t\t\t\t\t<\/a><\/p>\n<h3>\n\t\t\t\t\t<a href=\"#\" ><br \/>\n\t\t\t\t\t\tDetecci\u00f3n de fugas\t\t\t\t\t<\/a><br \/>\n\t\t\t\t<\/h3>\n<p>\n\t\t\t\t\t\tLeak detection is a highly specialized service that requires the expertise and skills of qualified plumbers.\t\t\t\t\t<\/p>\n<p>\t\t\t\t<a href=\"#\"><br \/>\n\t\t\t\t\t\t\t\t<\/a><\/p>\n<h3>\n\t\t\t\t\t<a href=\"#\" ><br \/>\n\t\t\t\t\t\tLimpieza de desag\u00fces\t\t\t\t\t<\/a><br \/>\n\t\t\t\t<\/h3>\n<p>\n\t\t\t\t\t\tUn equipo de especialistas en limpieza de drenajes a su servicio.\t\t\t\t\t<\/p>\n<p>\t\t\t\t<a href=\"#\"><br \/>\n\t\t\t\t\t\t\t\t<\/a><\/p>\n<h3>\n\t\t\t\t\t<a href=\"#\" ><br \/>\n\t\t\t\t\t\tReparaci\u00f3n de alcantarillas\t\t\t\t\t<\/a><br \/>\n\t\t\t\t<\/h3>\n<p>\n\t\t\t\t\t\tNuestros fontaneros, altamente formados, est\u00e1n disponibles para diagnosticar y reparar las aver\u00edas en sus alcantarillas.\t\t\t\t\t<\/p>\n<p>\t\t\t\t<a href=\"#\"><br \/>\n\t\t\t\t\t\t\t\t<\/a><\/p>\n<h3>\n\t\t\t\t\t<a href=\"#\" ><br \/>\n\t\t\t\t\t\t24\/7 Fontaner\u00eda de urgencia\t\t\t\t\t<\/a><br \/>\n\t\t\t\t<\/h3>\n<p>\n\t\t\t\t\t\t\u00bfTiene una emergencia de fontaner\u00eda? JOE HILLMAN PLUMBERS est\u00e1 a su servicio 24 horas al d\u00eda, 7 d\u00edas a la semana. Servimos a clientes por todo Fort Lauderdale.\t\t\t\t\t<\/p>\n<p>\t\t\t\t<a href=\"#\"><br \/>\n\t\t\t\t\t\t\t\t<\/a><\/p>\n<h3>\n\t\t\t\t\t<a href=\"#\" ><br \/>\n\t\t\t\t\t\tInspecci\u00f3n por v\u00eddeo\t\t\t\t\t<\/a><br \/>\n\t\t\t\t<\/h3>\n<p>\n\t\t\t\t\t\tJOE HILLMAN PLUMBERS es un negocio acreditado que ofrece excelentes servicios de limpieza de desag\u00fces y de alcantarillado a clientes residenciales y comerciales.\t\t\t\t\t<\/p>\n<h2>Lea las opiniones de los clientes sobre nuestros servicios de reparaci\u00f3n de fontaner\u00eda<\/h2>\n<p>\t\t\t\t\t\t<i>&#9733;<\/i><i>&#9733;<\/i><i>&#9733;<\/i><i>&#9733;<\/i><i>&#9733;<\/i> 5\/5\t\t<\/p>\n<p>Joe Hillman Plumbers, Inc., ha estado prestando servicios en el sur de Florida desde 1982 con reparaciones de plomer\u00eda profesionales. De propiedad y operaci\u00f3n familiar, nos enorgullecemos de mantenernos al d\u00eda con las \u00faltimas tecnolog\u00edas e innovaciones en la industria de la plomer\u00eda, y sentimos que ofrecemos el mejor servicio de reparaci\u00f3n de plomer\u00eda en Florida. Pero no conf\u00ede solo en nuestra palabra, lea las rese\u00f1as de los clientes en Facebook, Google y Yelp. Estamos cerca, de guardia y listos para atender sus necesidades de reparaci\u00f3n de plomer\u00eda.<\/p>\n<p>He utilizado Hillman en casa, en la oficina y en propiedades de alquiler. Siempre voy a usar su servicio.<\/p>\n<p>Andrew Palmer<\/p>\n<p>Dave vino a tiempo para revisar el trabajo. Me hizo un presupuesto justo y se puso a trabajar de inmediato. Todo fue realizado de manera limpia y seg\u00fan lo esperado. Los contratar\u00e9 de Nuevo.<\/p>\n<p>\nMatthew Barkley<\/p>\n<p>Me devolvieron las llamadas telef\u00f3nicas y fueron profesionales en todos los aspectos. Aparecieron a tiempo, hicieron el trabajo y dejaron todo limpio. Recomendar\u00eda sus servicios para cualquier trabajo grande o peque\u00f1o.<\/p>\n<p>Andrew LemkeKey Biscayne, FL<\/p>\n<p>\t\t\t<a role=\"button\"><br \/>\n\t\t\t\t\t\tCon\u00f3cenos mejor<br \/>\n\t\t\t\t\t<\/a><\/p>\n","protected":false},"excerpt":{"rendered":"<p>SERVICIOS DE FONTANER\u00cdA Bienvenido a Joe Hillman Plumbers, Inc. compa\u00f1\u00eda  [&#8230;]<\/p>\n","protected":false},"author":28,"featured_media":0,"parent":0,"menu_order":0,"comment_status":"closed","ping_status":"closed","template":"elementor_header_footer","meta":{"footnotes":""},"class_list":["post-2355","page","type-page","status-publish","hentry"],"_links":{"self":[{"href":"https:\/\/joehillmanplumbers.com\/es\/wp-json\/wp\/v2\/pages\/2355","targetHints":{"allow":["GET"]}}],"collection":[{"href":"https:\/\/joehillmanplumbers.com\/es\/wp-json\/wp\/v2\/pages"}],"about":[{"href":"https:\/\/joehillmanplumbers.com\/es\/wp-json\/wp\/v2\/types\/page"}],"author":[{"embeddable":true,"href":"https:\/\/joehillmanplumbers.com\/es\/wp-json\/wp\/v2\/users\/28"}],"replies":[{"embeddable":true,"href":"https:\/\/joehillmanplumbers.com\/es\/wp-json\/wp\/v2\/comments?post=2355"}],"version-history":[{"count":23,"href":"https:\/\/joehillmanplumbers.com\/es\/wp-json\/wp\/v2\/pages\/2355\/revisions"}],"predecessor-version":[{"id":2534,"href":"https:\/\/joehillmanplumbers.com\/es\/wp-json\/wp\/v2\/pages\/2355\/revisions\/2534"}],"wp:attachment":[{"href":"https:\/\/joehillmanplumbers.com\/es\/wp-json\/wp\/v2\/media?parent=2355"}],"curies":[{"name":"wp","href":"https:\/\/api.w.org\/{rel}","templated":true}]}}